{"id":4805,"date":"2016-08-11T06:53:16","date_gmt":"2016-08-11T06:53:16","guid":{"rendered":"http:\/\/dev.claue\/?page_id=4805"},"modified":"2025-11-14T14:33:18","modified_gmt":"2025-11-14T14:33:18","slug":"blog","status":"publish","type":"page","link":"https:\/\/mundovirutas.es\/en\/blog\/","title":{"rendered":"Blog"},"content":{"rendered":"<div data-elementor-type=\"wp-page\" data-elementor-id=\"4805\" class=\"elementor elementor-4805\" data-elementor-post-type=\"page\">\n\t\t\t\t\t\t<section class=\"elementor-section elementor-top-section elementor-element elementor-element-35b3e1d elementor-section-boxed elementor-section-height-default elementor-section-height-default\" data-id=\"35b3e1d\" data-element_type=\"section\">\n\t\t\t\t\t\t<div class=\"elementor-container elementor-column-gap-default\">\n\t\t\t\t\t<div class=\"elementor-column elementor-col-100 elementor-top-column elementor-element elementor-element-43bacfb\" data-id=\"43bacfb\" data-element_type=\"column\">\n\t\t\t<div class=\"elementor-widget-wrap elementor-element-populated\">\n\t\t\t\t\t\t<div class=\"elementor-element elementor-element-28930f6 elementor-widget elementor-widget-claue-blog\" data-id=\"28930f6\" data-element_type=\"widget\" data-widget_type=\"claue-blog.default\">\n\t\t\t\t<div class=\"elementor-widget-container\">\n\t\t\t\t\t<div class=\"jas-sc-blog  wpb_animate_when_almost_visible wpb_top-to-bottom\"><div class=\"jas-row\"><div class=\"jas-col-md-6 jas-col-sm-4 jas-col-xs-12 mb__40\"><article class=\"post-6774 post type-post status-publish format-standard has-post-thumbnail hentry category-muebles-de-madera\"><a class=\"mb__15 db\" href=\"https:\/\/mundovirutas.es\/en\/tu-mascota-come-incomoda\/\"><img fetchpriority=\"high\" decoding=\"async\" src=\"https:\/\/mundovirutas.es\/wp-content\/uploads\/2026\/02\/foto-lameton-5-570x320.jpg\" width=\"570\" height=\"320\" alt=\"\u00bfTu mascota come inc\u00f3moda?\" \/><\/a><div class=\"post-info mb__10\"><h4 class=\"mg__0 fs__16 mb__5 ls__0\"><a class=\"cd chp\" href=\"https:\/\/mundovirutas.es\/en\/tu-mascota-come-incomoda\/\">\u00bfTu mascota come inc\u00f3moda?<\/a><\/h4><span class=\"post-author mr__5\">By <span class=\"cd\">l@rena<\/span><\/span><span class=\"post-time\">on <span class=\"cd\"><time class=\"entry-date published updated\">February 11, 2026<\/time><\/span><\/span><\/div><div class=\"post-content\">\u00a1Tu peludo tambi\u00e9n merece comer c\u00f3modo! La importancia de un comedero a su altura Cuando...<\/div><\/article><\/div><div class=\"jas-col-md-6 jas-col-sm-4 jas-col-xs-12 mb__40\"><article class=\"post-6611 post type-post status-publish format-standard has-post-thumbnail hentry category-muebles-de-madera\"><a class=\"mb__15 db\" href=\"https:\/\/mundovirutas.es\/en\/por-que-elegir-muebles-de-madera-natural-para-tu-mascota\/\"><img decoding=\"async\" src=\"https:\/\/mundovirutas.es\/wp-content\/uploads\/2025\/11\/20957085-570x320.jpg\" width=\"570\" height=\"320\" alt=\"Por qu\u00e9 elegir muebles de madera natural para tu mascota\" \/><\/a><div class=\"post-info mb__10\"><h4 class=\"mg__0 fs__16 mb__5 ls__0\"><a class=\"cd chp\" href=\"https:\/\/mundovirutas.es\/en\/por-que-elegir-muebles-de-madera-natural-para-tu-mascota\/\">Por qu\u00e9 elegir muebles de madera natural para tu mascota<\/a><\/h4><span class=\"post-author mr__5\">By <span class=\"cd\">gustavo<\/span><\/span><span class=\"post-time\">on <span class=\"cd\"><time class=\"entry-date published updated\">November 14, 2025<\/time><\/span><\/span><\/div><div class=\"post-content\">En Mundo Virutas creemos que nuestros compa\u00f1eros peludos merecen lo mejor. No solo en cari\u00f1o...<\/div><\/article><\/div><\/div><\/div>\t\t\t\t<\/div>\n\t\t\t\t<\/div>\n\t\t\t\t\t<\/div>\n\t\t<\/div>\n\t\t\t\t\t<\/div>\n\t\t<\/section>\n\t\t\t\t<\/div>","protected":false},"excerpt":{"rendered":"En Mundo Virutas creemos que nuestros compa\u00f1eros peludos merecen lo mejor. No solo en cari\u00f1o y cuidados, sino tambi\u00e9n en el espacio que habitan. Por eso dise\u00f1amos muebles para mascotas elaborados con madera natural, materiales sostenibles y mucho amor. La calidez de la madera natural La madera es un material vivo que transmite serenidad, confort [...]","protected":false},"author":1,"featured_media":6592,"parent":0,"menu_order":0,"comment_status":"closed","ping_status":"closed","template":"","meta":{"footnotes":""},"class_list":["post-4805","page","type-page","status-publish","has-post-thumbnail","hentry"],"_hostinger_reach_plugin_has_subscription_block":false,"_hostinger_reach_plugin_is_elementor":false,"_links":{"self":[{"href":"https:\/\/mundovirutas.es\/en\/wp-json\/wp\/v2\/pages\/4805","targetHints":{"allow":["GET"]}}],"collection":[{"href":"https:\/\/mundovirutas.es\/en\/wp-json\/wp\/v2\/pages"}],"about":[{"href":"https:\/\/mundovirutas.es\/en\/wp-json\/wp\/v2\/types\/page"}],"author":[{"embeddable":true,"href":"https:\/\/mundovirutas.es\/en\/wp-json\/wp\/v2\/users\/1"}],"replies":[{"embeddable":true,"href":"https:\/\/mundovirutas.es\/en\/wp-json\/wp\/v2\/comments?post=4805"}],"version-history":[{"count":2,"href":"https:\/\/mundovirutas.es\/en\/wp-json\/wp\/v2\/pages\/4805\/revisions"}],"predecessor-version":[{"id":6590,"href":"https:\/\/mundovirutas.es\/en\/wp-json\/wp\/v2\/pages\/4805\/revisions\/6590"}],"wp:featuredmedia":[{"embeddable":true,"href":"https:\/\/mundovirutas.es\/en\/wp-json\/wp\/v2\/media\/6592"}],"wp:attachment":[{"href":"https:\/\/mundovirutas.es\/en\/wp-json\/wp\/v2\/media?parent=4805"}],"curies":[{"name":"wp","href":"https:\/\/api.w.org\/{rel}","templated":true}]}}