{"id":6520,"date":"2025-11-14T01:32:34","date_gmt":"2025-11-14T01:32:34","guid":{"rendered":"https:\/\/mundovirutas.es\/?page_id=6520"},"modified":"2025-12-02T20:16:38","modified_gmt":"2025-12-02T20:16:38","slug":"terminos-y-condiciones","status":"publish","type":"page","link":"https:\/\/mundovirutas.es\/en\/terminos-y-condiciones\/","title":{"rendered":"T\u00e9rminos y condiciones"},"content":{"rendered":"<div data-elementor-type=\"wp-page\" data-elementor-id=\"6520\" class=\"elementor elementor-6520\" data-elementor-post-type=\"page\">\n\t\t\t\t<div class=\"elementor-element elementor-element-51a4c504 e-flex e-con-boxed e-con e-parent\" data-id=\"51a4c504\" data-element_type=\"container\" data-settings=\"{&quot;background_background&quot;:&quot;classic&quot;}\">\n\t\t\t\t\t<div class=\"e-con-inner\">\n\t\t\t\t<div class=\"elementor-element elementor-element-5c5ff7e3 elementor-widget elementor-widget-heading\" data-id=\"5c5ff7e3\" data-element_type=\"widget\" data-widget_type=\"heading.default\">\n\t\t\t\t<div class=\"elementor-widget-container\">\n\t\t\t\t\t<h1 class=\"elementor-heading-title elementor-size-default\">T\u00e9rminos y condiciones <\/h1>\t\t\t\t<\/div>\n\t\t\t\t<\/div>\n\t\t\t\t\t<\/div>\n\t\t\t\t<\/div>\n\t\t<div class=\"elementor-element elementor-element-2cfbf42 e-flex e-con-boxed e-con e-parent\" data-id=\"2cfbf42\" data-element_type=\"container\">\n\t\t\t\t\t<div class=\"e-con-inner\">\n\t\t\t\t<div class=\"elementor-element elementor-element-7e31e031 elementor-widget elementor-widget-text-editor\" data-id=\"7e31e031\" data-element_type=\"widget\" data-widget_type=\"text-editor.default\">\n\t\t\t\t<div class=\"elementor-widget-container\">\n\t\t\t\t\t\t\t\t\t<h4><strong>1. DISPOSICIONES PRELIMINARES<\/strong><\/h4><p><strong>www.mundovirutas.es (en adelante \u201cMUNDO VIRUTAS\u201c)<\/strong>\u00a0, comercializa articulos artesanales en madera para mascotas. Al realizar un pedido, garantizas que eres mayor de 18 a\u00f1os y que tienes capacidad legal para cursar contratos vinculantes.<\/p><h6><strong>1.1. OBLIGACIONES DEL USUARIO<\/strong><\/h6><p>Como usuario est\u00e1s obligado a comunicar a MUNDO VIRUTAS todos los datos necesarios para el acceso y utilizaci\u00f3n de los servicios de este sitio web. Estos deber\u00e1n ser veraces y actuales y consiente que podremos hacer uso de ellos para ponemos en contacto contigo si es necesario.<\/p><p>Es indispensable que facilites toda la informaci\u00f3n que catalogamos como obligatoria, ya que, de no hacerlo no podremos cursar el pedido. No seremos responsables en ning\u00fan caso de posibles retrasos o fallos en la entrega como consecuencia del error u omisi\u00f3n de estos datos.<\/p><p>El usuario deber\u00e1 hacer un uso adecuado de los servicios incluidos en el sitio web\u00a0<strong>www.mundovirutas.es<\/strong>\u00a0, siempre de conformidad con el ordenamiento jur\u00eddico y no llevar\u00e1 a cabo actividad alguna que dificulte o interfiera en su funcionamiento.<\/p><h6><strong>1.2. MEDIDAS DE SEGURIDAD<\/strong><\/h6><p>Estableceremos todos los mecanismos razonables a nuestro alcance para garantizar que tus datos personales se conservan con seguridad en todo momento. Sin embargo, como usuario, aceptas que ninguna transmisi\u00f3n de datos a trav\u00e9s de Internet puede garantizarse como segura frente a accesos por receptores no autorizados y no nos podr\u00e1 hacer responsables por cualquier fallo de seguridad salvo que se deba a nuestra negligencia. Asimismo, deber\u00e1s adoptar las medidas de seguridad necesarias, tanto personales como materiales, para mantener la confidencialidad de tu nombre de usuario y contrase\u00f1a y notificarnos inmediatamente la p\u00e9rdida, extrav\u00edo, sustracci\u00f3n, robo o acceso ileg\u00edtimo de su nombre de usuario y contrase\u00f1a, as\u00ed como su conocimiento por terceras personas.<\/p><h4><strong>2. CONDICIONES APLICABLES A LOS PEDIDOS<\/strong><\/h4><p>Todos los productos que se ofertan en este sitio web son vendidos directamente por<strong>\u00a0LORENA DE ANTONIO GARC\u00cdA<\/strong>, con\u00a0<strong>NIF 53390662-A<\/strong> y domicilio en<strong>\u00a0El Escorial (Madrid)<\/strong>.<\/p><h4><strong>2.1. PROCEDIMIENTO DE COMPRA<\/strong><\/h4><p>Podr\u00e1s navegar en el sitio web hasta encontrar el art\u00edculo deseado. Una vez localizado, pulsando sobre el mismo acceder\u00e1s a toda la informaci\u00f3n de detalle que le ofrece el sitio web. Desde ah\u00ed podr\u00e1s a\u00f1adir el art\u00edculo a su compra.<\/p><p>Si est\u00e1s realizando un pedido por primera vez con nosotros, se te pedir\u00e1 que te registres introduciendo tu direcci\u00f3n de email y una contrase\u00f1a con la que podr\u00e1s crear y acceder a tu cuenta.<\/p><p>En el caso de que se trate de un usuario registrado y con una cuenta activa, deber\u00e1s introducir tu email y contrase\u00f1a y el sistema reconocer\u00e1 tus datos.<br \/>Una vez est\u00e9s en tu cuenta podr\u00e1s continuar tu compra y finalmente confirmar el pedido.<\/p><h6><strong>2.2. COBERTURA DE LA OFERTA<\/strong><\/h6><p>Las zonas de entrega de estos art\u00edculos se circunscriben a\u00a0<strong>Espa\u00f1a (S\u00d3LO PEN\u00cdNSULA)<\/strong>. Al aceptar el pedido, confirmas ser un cliente residente en esta zona. Fuera de la zona de env\u00edos establecida, tu pedido ser\u00e1 anulado.<\/p><h6><strong>2.3. DISPONIBILIDAD<\/strong><\/h6><p>Todos los pedidos son personalizados y por lo tanto, se hacen seg\u00fan necesidad del cliente.<\/p><p>De no ser posible la fabricaci\u00f3n de alg\u00fan articulo de nuestra web, el propio sistema no dejar\u00e1 acceder a la compra del mismo.<\/p><p>Para m\u00e1s informaci\u00f3n, no dude en escribirnos al correo electr\u00f3nico <strong><a href=\"mailto:mundovirutas@gmail.com\">mundovirutas@gmail.com<\/a><\/strong><\/p><h6><strong>2.4. PEDIDOS<\/strong><\/h6><p>El pedido no ser\u00e1 aceptado por nosotros hasta que el importe haya sido cargado a tu cuenta. Tras confirmar la compra, recibir\u00e1s un e-mail como acuse de recibo, y ello implicar\u00e1 la aceptaci\u00f3n del pedido (si por cualquier motivo no pudiera serlo, nos pondr\u00edamos en contacto con el usuario con la mayor brevedad posible, v\u00eda correo electr\u00f3nico).<\/p><h6><strong>2.5. CONFIRMACI\u00d3N Y ANULACI\u00d3N DE PEDIDOS<\/strong><\/h6><p>Con anterioridad a la finalizaci\u00f3n del pedido por tu parte en el sitio web, podr\u00e1s revisar todos los detalles asociados al mismo (importes desglosados en todos los ep\u00edgrafes necesarios \u2013 impuestos, costes de transporte, selecci\u00f3n de art\u00edculos, etc.), pudiendo corregir lo que consideres necesario.<\/p><p>Con posterioridad a la confirmaci\u00f3n no ser\u00e1 posible modificar ni anular el pedido a trav\u00e9s del sitio web, deber\u00e1s ponerte en contacto con <strong><a href=\"mailto:mundovirutas@gmail.com\">mundovirutas@gmail.com<\/a><\/strong>\u00a0. En tal caso, el pedido s\u00f3lo podr\u00e1 ser modificado o anulado si el producto no ha entrado en fase de fabricaci\u00f3n.<\/p><h6><strong>2.6. MONEDA, IMPUESTOS Y PRECIO<\/strong><\/h6><p>De acuerdo con la legislaci\u00f3n vigente, toda la compra desde nuestro sitio web estar\u00e1 sujeta al impuesto sobre el valor a\u00f1adido. El tipo aplicable ser\u00e1 el legalmente vigente en cada momento.<\/p><p>Todos los precios se muestran en euros (\u20ac) y deben ser considerados como el precio final a pagar por el cliente (incluyendo el IVA). Los costes de transporte (si proceden), no est\u00e1n incluidos en dicho precio.<\/p><h6><strong>2.7. FORMA DE PAGO Y SEGURIDAD<\/strong><\/h6><p>Cualquier pedido realizado debe ser abonado de forma inmediata tras la confirmaci\u00f3n del pedido. \u00danicamente se cursar\u00e1n pedidos para los que se haya completado y verificado el pago del mismo.<\/p><p>El pago debe realizarse mediante\u00a0<strong>TRANSFERENCIA BANCARIA<\/strong>\u00a0o\u00a0<strong>BIZUM.<\/strong><\/p><p>Una vez realizado el pago deber\u00e1s enviar el justificante de pago v\u00eda correo electr\u00f3nico a <strong><a href=\"mailto:mundovirutas@gmail.com\">mundovirutas@gmail.com<\/a><\/strong>\u00a0para poder comenzar con la fabricaci\u00f3n de tu pedido.<\/p><h6><strong>2.8. ENTREGAS: TIPOS, PLAZOS Y PROBLEMAS<\/strong><\/h6><p>La entrega podr\u00e1 realizarse en la direcci\u00f3n que elija. La entrega a domicilio de los pedidos ser\u00e1 realizada por una empresa de mensajer\u00eda dentro del horario laboral habitual en la direcci\u00f3n indicada por el usuario al realizar el pedido. Si no hay nadie en dicha direcci\u00f3n cu\u00e1ndo el mensajero acuda, este le dejar\u00e1 una nota y su departamento de atenci\u00f3n al cliente se intentar\u00e1 poner en contacto contigo para cerrar la entrega.<\/p><p>El\u00a0<strong>plazo de entrega<\/strong>\u00a0habitual estar\u00e1\u00a0<strong>aproximadamente de 15 d\u00edas laborales<\/strong>\u00a0tras la aprobaci\u00f3n del pedido.\u00a0<strong>Este plazo puede aumentar por el actual estado de alarma por el Covid-19 o festivos, navidades, etc., MUNDO VIRUTAS<\/strong>\u00a0no se hace responsables de los posibles retrasos que puedan originarse por cualquiera de los motivos citados anteriormente.<\/p><p>Los costes del env\u00edo siempre son gratis para el cliente.<\/p><p>Si en el momento de la entrega el embalaje del pedido est\u00e1 da\u00f1ado, deber\u00e1s abrir el paquete en presencia del mensajero para verificar el estado de los art\u00edculos. Si se observan da\u00f1os deber\u00e1 detallarlos en el albar\u00e1n de entrega y ponerse en contacto con <strong><a href=\"mailto:mundovirutas@gmail.com\">mundovirutas@gmail.com<\/a><\/strong>. Repararemos o sustituiremos sin coste alguno para usted todos aquellos art\u00edculos que hayan sido da\u00f1ados o perdidos durante el transporte, siempre y cu\u00e1ndo, nos notifique dicha incidencia lo antes posible.<\/p><p>Una vez entregado el pedido, pasar\u00e1 a formar parte de su propiedad y por tanto, todos los da\u00f1os que puedan originarse ser\u00e1n de su responsabilidad.<\/p><h6><strong>2.9. POL\u00cdTICA DE DEVOLUCI\u00d3N, CAMBIO Y REEMBOLSO<\/strong><\/h6><p>Todos nuestros productos son realizados de forma personalizada, con lo cu\u00e1l no se permite la devoluci\u00f3n del mismo, salvo desperfectos o roturas de la madera una vez que usted reciba el paquete en su domicilio.<\/p><h6><strong>2.10. GARANT\u00cdA E INFORMACI\u00d3N DE LOS PRODUCTOS<\/strong><\/h6><p>Todos nuestros productos se fabrican de forma artesanal utilizando madera de chopo, pino y\/palets reciclados, es por ello que el producto que recibas en casa no va a ser nunca id\u00e9ntico al de la imagen de la web. Puede tener peque\u00f1as imperfecciones propias de la madera.<\/p><p>Todo el material gr\u00e1fico as\u00ed como las descripciones son ofrecidos a modo informativo. En este sentido, podemos corregir errores u omisiones en el sitio web sin que ello genere responsabilidad alguna.<\/p><h6><strong>2.11. DERECHO LEGAL A DESISTIR DE LA COMPRA<\/strong><\/h6><p>Con car\u00e1cter general, si el Usuario contrata como consumidor y usuario, tiene derecho a desistir del presente contrato en un plazo de catorce (14) d\u00edas naturales.<br \/>Dicho plazo expirar\u00e1 una vez hayan transcurrido los catorce (14) d\u00edas naturales a contar desde el d\u00eda en el que al Usuario se le hace entrega del art\u00edculo pedido.<\/p><p>Para ejercer su derecho al desistimiento, el Usuario deber\u00e1 enviar notificaci\u00f3n a<strong> <a href=\"mailto:mundovirutas@gmail.com\">mundovirutas@gmail.com<\/a><\/strong>\u00a0en la que el Usuario comunique de forma inequ\u00edvoca, su decisi\u00f3n de desistir del contrato suscrito entre el Usuario y\u00a0<strong>MUNDO VIRUTAS.<\/strong><\/p><p>El usuario debe atenerse a todas las condiciones de compra y devoluci\u00f3n recogidas en este documento, y en consecuencia, para ejercer el derecho al desistimiento de compra, los art\u00edculos deben cumplir los requisitos mencionados en el apartado\u00a0<strong>POL\u00cdTICA DE DEVOLUCI\u00d3N, CAMBIO Y REEMBOLSO.<\/strong><\/p>\t\t\t\t\t\t\t\t<\/div>\n\t\t\t\t<\/div>\n\t\t\t\t\t<\/div>\n\t\t\t\t<\/div>\n\t\t\t\t<\/div>","protected":false},"excerpt":{"rendered":"<p>T\u00e9rminos y condiciones 1. DISPOSICIONES PRELIMINARES www.mundovirutas.es (en adelante \u201cMUNDO VIRUTAS\u201c)\u00a0, comercializa articulos artesanales en madera para mascotas. Al realizar un pedido, garantizas que eres mayor de 18 a\u00f1os y que tienes capacidad legal para cursar contratos vinculantes. 1.1. OBLIGACIONES DEL USUARIO Como usuario est\u00e1s obligado a comunicar a MUNDO VIRUTAS todos los datos necesarios [&hellip;]<\/p>","protected":false},"author":1,"featured_media":0,"parent":0,"menu_order":0,"comment_status":"closed","ping_status":"closed","template":"elementor_header_footer","meta":{"footnotes":""},"class_list":["post-6520","page","type-page","status-publish","hentry"],"_hostinger_reach_plugin_has_subscription_block":false,"_hostinger_reach_plugin_is_elementor":false,"_links":{"self":[{"href":"https:\/\/mundovirutas.es\/en\/wp-json\/wp\/v2\/pages\/6520","targetHints":{"allow":["GET"]}}],"collection":[{"href":"https:\/\/mundovirutas.es\/en\/wp-json\/wp\/v2\/pages"}],"about":[{"href":"https:\/\/mundovirutas.es\/en\/wp-json\/wp\/v2\/types\/page"}],"author":[{"embeddable":true,"href":"https:\/\/mundovirutas.es\/en\/wp-json\/wp\/v2\/users\/1"}],"replies":[{"embeddable":true,"href":"https:\/\/mundovirutas.es\/en\/wp-json\/wp\/v2\/comments?post=6520"}],"version-history":[{"count":16,"href":"https:\/\/mundovirutas.es\/en\/wp-json\/wp\/v2\/pages\/6520\/revisions"}],"predecessor-version":[{"id":6756,"href":"https:\/\/mundovirutas.es\/en\/wp-json\/wp\/v2\/pages\/6520\/revisions\/6756"}],"wp:attachment":[{"href":"https:\/\/mundovirutas.es\/en\/wp-json\/wp\/v2\/media?parent=6520"}],"curies":[{"name":"wp","href":"https:\/\/api.w.org\/{rel}","templated":true}]}}