{"id":6529,"date":"2025-11-14T01:43:55","date_gmt":"2025-11-14T01:43:55","guid":{"rendered":"https:\/\/mundovirutas.es\/?page_id=6529"},"modified":"2025-11-20T17:03:59","modified_gmt":"2025-11-20T17:03:59","slug":"envios-y-devoluciones","status":"publish","type":"page","link":"https:\/\/mundovirutas.es\/en\/envios-y-devoluciones\/","title":{"rendered":"Env\u00edos y devoluciones"},"content":{"rendered":"<div data-elementor-type=\"wp-page\" data-elementor-id=\"6529\" class=\"elementor elementor-6529\" data-elementor-post-type=\"page\">\n\t\t\t\t<div class=\"elementor-element elementor-element-b14fae3 e-flex e-con-boxed e-con e-parent\" data-id=\"b14fae3\" data-element_type=\"container\" data-settings=\"{&quot;background_background&quot;:&quot;classic&quot;}\">\n\t\t\t\t\t<div class=\"e-con-inner\">\n\t\t\t\t<div class=\"elementor-element elementor-element-14f153fb elementor-widget elementor-widget-heading\" data-id=\"14f153fb\" data-element_type=\"widget\" data-widget_type=\"heading.default\">\n\t\t\t\t<div class=\"elementor-widget-container\">\n\t\t\t\t\t<h1 class=\"elementor-heading-title elementor-size-default\">Env\u00edos y devoluciones<\/h1>\t\t\t\t<\/div>\n\t\t\t\t<\/div>\n\t\t\t\t\t<\/div>\n\t\t\t\t<\/div>\n\t\t<div class=\"elementor-element elementor-element-5b52199d e-flex e-con-boxed e-con e-parent\" data-id=\"5b52199d\" data-element_type=\"container\">\n\t\t\t\t\t<div class=\"e-con-inner\">\n\t\t\t\t<div class=\"elementor-element elementor-element-5f9acee6 elementor-widget elementor-widget-text-editor\" data-id=\"5f9acee6\" data-element_type=\"widget\" data-widget_type=\"text-editor.default\">\n\t\t\t\t<div class=\"elementor-widget-container\">\n\t\t\t\t\t\t\t\t\t<h4><strong>ENV\u00cdOS:<\/strong><\/h4><p>Generalmente el plazo de env\u00edo desde que se recibe el pago del producto son 15 dias laborales (siempre es menos). Una vez que su pedido este listo para viajar a su casa, recibir\u00e1 un correo electr\u00f3nico especificando que su\u00a0<strong>pedido ha sido completado<\/strong>. Una vez que tu pedido salga de nuestro taller,\u00a0<strong>GLS<\/strong>\u00a0te enviar\u00e1 un\u00a0<strong>SMS y\/o e-mail<\/strong>\u00a0con un n\u00famero de seguimiento.<\/p><p><strong>MUNDO VIRUTAS<\/strong>\u00a0no se hace responsable de los retrasos que se puedan ocasionar por parte de la empresa de mensajer\u00eda, como tampoco de que no haya nadie en el domicilio para recibir el paquete. Se har\u00e1 un primer intento de entrega. De no ser posible entregar el paquete por ausencia del cliente, la empresa de mensajer\u00eda le enviar\u00e1 un correo electr\u00f3nico para que pueda recoger su pedido en una Parcel Shop cercana a su domicilio<\/p><p>Puedes hacer el seguimiento de tu pedido desde el siguiente enlace\u00a0<a href=\"https:\/\/www.gls-spain.es\/es\/recibir-paquetes\/seguimiento-envio\/\" target=\"_blank\" rel=\"noreferrer noopener\"><strong>https:\/\/www.gls-spain.es\/es\/recibir-paquetes\/seguimiento-envio\/<\/strong><\/a><\/p><h4><strong>DEVOLUCIONES:<\/strong><\/h4><p><strong>Todos los productos se realizan de forma personalizada, por lo que no esta permitida su devoluci\u00f3n<\/strong>, salvo desperfectos o rotura de la madera cuando recibe su pedido. Si fuera el caso, puedes ponerte en contacto a trav\u00e9s del correo electr\u00f3nico <strong><a href=\"mailto:mundovirutas@gmail.com\">mundovirutas@gmail.com<\/a><\/strong>\u00a0en el plazo de los\u00a0<strong>3 siguientes d\u00edas h\u00e1biles desde que reciben el pedido.<\/strong><\/p>\t\t\t\t\t\t\t\t<\/div>\n\t\t\t\t<\/div>\n\t\t\t\t\t<\/div>\n\t\t\t\t<\/div>\n\t\t\t\t<\/div>","protected":false},"excerpt":{"rendered":"<p>Env\u00edos y devoluciones ENV\u00cdOS: Generalmente el plazo de env\u00edo desde que se recibe el pago del producto son 15 dias laborales (siempre es menos). Una vez que su pedido este listo para viajar a su casa, recibir\u00e1 un correo electr\u00f3nico especificando que su\u00a0pedido ha sido completado. Una vez que tu pedido salga de nuestro taller,\u00a0GLS\u00a0te [&hellip;]<\/p>","protected":false},"author":1,"featured_media":0,"parent":0,"menu_order":0,"comment_status":"closed","ping_status":"closed","template":"elementor_header_footer","meta":{"footnotes":""},"class_list":["post-6529","page","type-page","status-publish","hentry"],"_hostinger_reach_plugin_has_subscription_block":false,"_hostinger_reach_plugin_is_elementor":false,"_links":{"self":[{"href":"https:\/\/mundovirutas.es\/en\/wp-json\/wp\/v2\/pages\/6529","targetHints":{"allow":["GET"]}}],"collection":[{"href":"https:\/\/mundovirutas.es\/en\/wp-json\/wp\/v2\/pages"}],"about":[{"href":"https:\/\/mundovirutas.es\/en\/wp-json\/wp\/v2\/types\/page"}],"author":[{"embeddable":true,"href":"https:\/\/mundovirutas.es\/en\/wp-json\/wp\/v2\/users\/1"}],"replies":[{"embeddable":true,"href":"https:\/\/mundovirutas.es\/en\/wp-json\/wp\/v2\/comments?post=6529"}],"version-history":[{"count":7,"href":"https:\/\/mundovirutas.es\/en\/wp-json\/wp\/v2\/pages\/6529\/revisions"}],"predecessor-version":[{"id":6732,"href":"https:\/\/mundovirutas.es\/en\/wp-json\/wp\/v2\/pages\/6529\/revisions\/6732"}],"wp:attachment":[{"href":"https:\/\/mundovirutas.es\/en\/wp-json\/wp\/v2\/media?parent=6529"}],"curies":[{"name":"wp","href":"https:\/\/api.w.org\/{rel}","templated":true}]}}