{"id":6088,"date":"2025-10-24T00:44:07","date_gmt":"2025-10-24T00:44:07","guid":{"rendered":"https:\/\/mundovirutas.es\/?post_type=product&#038;p=6088"},"modified":"2026-03-05T07:30:20","modified_gmt":"2026-03-05T07:30:20","slug":"casita-para-pajaros-modelo-cuco","status":"publish","type":"product","link":"https:\/\/mundovirutas.es\/en\/product\/casita-para-pajaros-modelo-cuco\/","title":{"rendered":"Casita para p\u00e1jaros modelo \u00abcuco\u00bb"},"content":{"rendered":"<p class=\"\" data-start=\"220\" data-end=\"488\"><img decoding=\"async\" class=\"emoji\" role=\"img\" draggable=\"false\" src=\"https:\/\/s.w.org\/images\/core\/emoji\/16.0.1\/svg\/1f426.svg\" alt=\"\ud83d\udc26\" \/>\u00a0\u00a1Crea un peque\u00f1o refugio natural para las aves en tu propio jard\u00edn, terraza o balc\u00f3n!<br data-start=\"308\" data-end=\"311\" \/>Nuestra\u00a0<strong data-start=\"319\" data-end=\"349\">Casita para P\u00e1jaros \u00abCuco\u00bb<\/strong>\u00a0es el hogar ideal para gorriones, herrerillos y carboneros, dise\u00f1ada para proteger a las aves silvestres y embellecer tu espacio exterior.<\/p>\n<p class=\"\" data-start=\"490\" data-end=\"524\"><img decoding=\"async\" class=\"emoji\" role=\"img\" draggable=\"false\" src=\"https:\/\/s.w.org\/images\/core\/emoji\/16.0.1\/svg\/2705.svg\" alt=\"\u2705\" \/>\u00a0<strong data-start=\"492\" data-end=\"524\">Caracter\u00edsticas principales:<\/strong><\/p>\n<p class=\"\" data-start=\"490\" data-end=\"524\"><img decoding=\"async\" class=\"emoji\" style=\"background-color: #ffffff;\" role=\"img\" draggable=\"false\" src=\"https:\/\/s.w.org\/images\/core\/emoji\/16.0.1\/svg\/1f331.svg\" alt=\"\ud83c\udf31\" width=\"17\" height=\"17\" \/> Fabricada a mano en madera maciza de pino sostenible, sin tratamientos t\u00f3xicos, cuidando la salud de tus visitantes alados.<\/p>\n<p class=\"\" data-start=\"490\" data-end=\"524\"><img decoding=\"async\" class=\"emoji\" style=\"background-color: #ffffff;\" role=\"img\" draggable=\"false\" src=\"https:\/\/s.w.org\/images\/core\/emoji\/16.0.1\/svg\/1f529.svg\" alt=\"\ud83d\udd29\" \/> Montaje sencillo: se instala f\u00e1cilmente atornillando, sin necesidad de clavos.<\/p>\n<p class=\"\" data-start=\"490\" data-end=\"524\"><img decoding=\"async\" class=\"emoji\" style=\"background-color: #ffffff;\" role=\"img\" draggable=\"false\" src=\"https:\/\/s.w.org\/images\/core\/emoji\/16.0.1\/svg\/1f9fc.svg\" alt=\"\ud83e\uddfc\" \/> Puerta lateral para una limpieza c\u00f3moda y r\u00e1pida.<\/p>\n<p class=\"\" data-start=\"490\" data-end=\"524\"><img decoding=\"async\" class=\"emoji\" style=\"background-color: #ffffff;\" role=\"img\" draggable=\"false\" src=\"https:\/\/s.w.org\/images\/core\/emoji\/16.0.1\/svg\/1f4cf.svg\" alt=\"\ud83d\udccf\" \/> Medidas ideales: 27 x 18 x 15 cm | Entrada de 3 cm de di\u00e1metro.<\/p>\n<p class=\"\" data-start=\"490\" data-end=\"524\"><img decoding=\"async\" class=\"emoji\" style=\"background-color: #ffffff;\" role=\"img\" draggable=\"false\" src=\"https:\/\/s.w.org\/images\/core\/emoji\/16.0.1\/svg\/1f99c.svg\" alt=\"\ud83e\udd9c\" \/>\u00a0Perfecta para jardines, terrazas, patios y balcones.<\/p>\n<p class=\"\" data-start=\"921\" data-end=\"939\"><img decoding=\"async\" class=\"emoji\" role=\"img\" draggable=\"false\" src=\"https:\/\/s.w.org\/images\/core\/emoji\/16.0.1\/svg\/1f49a.svg\" alt=\"\ud83d\udc9a\" \/>\u00a0<strong data-start=\"924\" data-end=\"939\">Beneficios:<\/strong><\/p>\n<p class=\"\" data-start=\"942\" data-end=\"988\">Brinda un refugio seguro para aves silvestres.<\/p>\n<p class=\"\" data-start=\"991\" data-end=\"1037\">Aporta un toque decorativo natural y acogedor.<\/p>\n<p class=\"\" data-start=\"1040\" data-end=\"1101\">Fomenta la biodiversidad urbana respetando el medio ambiente.<\/p>\n<p class=\"\" data-start=\"1103\" data-end=\"1271\"><img decoding=\"async\" class=\"emoji\" role=\"img\" draggable=\"false\" src=\"https:\/\/s.w.org\/images\/core\/emoji\/16.0.1\/svg\/1f381.svg\" alt=\"\ud83c\udf81\" \/>\u00a0<strong data-start=\"1106\" data-end=\"1201\">Regala o reg\u00e1late una casita \u00abCuco\u00bb y convierte tu hogar en un peque\u00f1o santuario para aves.<\/strong><br data-start=\"1201\" data-end=\"1204\" \/>\u00a1Haz tu pedido y contribuye a cuidar nuestro planeta desde casa!\u00a0<img decoding=\"async\" class=\"emoji\" role=\"img\" draggable=\"false\" src=\"https:\/\/s.w.org\/images\/core\/emoji\/16.0.1\/svg\/1f30d.svg\" alt=\"\ud83c\udf0d\" \/><\/p>\n<p><strong>A TENER EN CUENTA:<\/strong><\/p>\n<p>Plazo de fabricaci\u00f3n:\u00a0<strong>15 dias laborales desde que recibimos el pago<\/strong><\/p>\n<p>Plazo de env\u00edo:\u00a0<strong>48<\/strong><strong>h\/72h<\/strong><\/p>\n<p>Gastos de env\u00edo\u00a0<strong>GRATIS<\/strong><\/p>\n<p>Por ahora,\u00a0<strong>S\u00d3LO ENVIAMOS A PEN\u00cdNSULA<\/strong><\/p>\n<p>M\u00e9todo de pago:\u00a0<strong>transferencia bancaria o Bizum<\/strong><\/p>\n<p><strong><em>*Todos nuestros productos se hacen de forma artesanal uno a uno y nunca son id\u00e9nticos entre ellos. Es por eso que las fotos del producto pueden variar al producto que recibas en tu casa en cuanto a la veta de la madera, color, nudos, textura\u2026tambi\u00e9n en cuanto al tipo de ensamble entre las maderas.<\/em><\/strong><\/p>\n<p><strong data-rich-text-format-boundary=\"true\">LAS IM\u00c1GENES QUE APARECEN EN PRODUCTOS,\u00a0<\/strong>son descargadas de forma gratuita desde las p\u00e1ginas<strong data-rich-text-format-boundary=\"true\">\u00a0Freepik, Flaticon y PNGtree<br \/>\n<\/strong><\/p>\n<p>En el men\u00fa<strong>\u00a0<a href=\"https:\/\/mundovirutas.es\/en\/autoria-imagenes\/\" target=\"_blank\" rel=\"noopener noreferrer\">LEGAL\/AUTORIA DE IMAGENES<\/a><\/strong>\u00a0de esta misma web dispone de m\u00e1s informaci\u00f3n al respecto.<\/p>","protected":false},"excerpt":{"rendered":"<p>\ud83d\udd4a\ufe0f\u00a0Ofrece un refugio seguro y acogedor a las aves silvestres con nuestra Casita \u00abCuco\u00bb, fabricada a mano con madera de pino sostenible y tratada sin t\u00f3xicos.\u00a0\ud83c\udf3f\u00a0<strong>Su dise\u00f1o ergon\u00f3mico facilita el montaje sin complicaciones (atornillado, sin clavos)<\/strong>\u00a0y permite una limpieza r\u00e1pida gracias a su pr\u00e1ctica puerta lateral.\u00a0\ud83d\udccf\u00a0I<strong>deal para jardines, terrazas o balcones<\/strong>, ayuda a preservar la biodiversidad urbana mientras embelleces tu espacio exterior. \u00a1Un peque\u00f1o gesto que hace una gran diferencia para nuestro planeta!\u00a0\ud83d\udc26\ud83c\udf0d<\/p>","protected":false},"featured_media":6089,"comment_status":"open","ping_status":"closed","template":"","meta":[],"product_brand":[],"product_cat":[174],"product_tag":[],"class_list":{"0":"post-6088","1":"product","2":"type-product","3":"status-publish","4":"has-post-thumbnail","6":"product_cat-pajaros","8":"first","9":"instock","10":"taxable","11":"shipping-taxable","12":"purchasable","13":"product-type-simple"},"_links":{"self":[{"href":"https:\/\/mundovirutas.es\/en\/wp-json\/wp\/v2\/product\/6088","targetHints":{"allow":["GET"]}}],"collection":[{"href":"https:\/\/mundovirutas.es\/en\/wp-json\/wp\/v2\/product"}],"about":[{"href":"https:\/\/mundovirutas.es\/en\/wp-json\/wp\/v2\/types\/product"}],"replies":[{"embeddable":true,"href":"https:\/\/mundovirutas.es\/en\/wp-json\/wp\/v2\/comments?post=6088"}],"version-history":[{"count":4,"href":"https:\/\/mundovirutas.es\/en\/wp-json\/wp\/v2\/product\/6088\/revisions"}],"predecessor-version":[{"id":6853,"href":"https:\/\/mundovirutas.es\/en\/wp-json\/wp\/v2\/product\/6088\/revisions\/6853"}],"wp:featuredmedia":[{"embeddable":true,"href":"https:\/\/mundovirutas.es\/en\/wp-json\/wp\/v2\/media\/6089"}],"wp:attachment":[{"href":"https:\/\/mundovirutas.es\/en\/wp-json\/wp\/v2\/media?parent=6088"}],"wp:term":[{"taxonomy":"product_brand","embeddable":true,"href":"https:\/\/mundovirutas.es\/en\/wp-json\/wp\/v2\/product_brand?post=6088"},{"taxonomy":"product_cat","embeddable":true,"href":"https:\/\/mundovirutas.es\/en\/wp-json\/wp\/v2\/product_cat?post=6088"},{"taxonomy":"product_tag","embeddable":true,"href":"https:\/\/mundovirutas.es\/en\/wp-json\/wp\/v2\/product_tag?post=6088"}],"curies":[{"name":"wp","href":"https:\/\/api.w.org\/{rel}","templated":true}]}}