{"id":6100,"date":"2025-10-24T00:47:18","date_gmt":"2025-10-24T00:47:18","guid":{"rendered":"https:\/\/mundovirutas.es\/?post_type=product&#038;p=6100"},"modified":"2026-03-05T07:19:02","modified_gmt":"2026-03-05T07:19:02","slug":"plataforma-para-fuente-de-agua-para-gatos","status":"publish","type":"product","link":"https:\/\/mundovirutas.es\/en\/product\/plataforma-para-fuente-de-agua-para-gatos\/","title":{"rendered":"Plataforma para fuente de agua para gatos"},"content":{"rendered":"<h3 class=\"\" data-start=\"341\" data-end=\"398\"><img decoding=\"async\" class=\"emoji\" role=\"img\" draggable=\"false\" src=\"https:\/\/s.w.org\/images\/core\/emoji\/16.0.1\/svg\/1f43e.svg\" alt=\"\ud83d\udc3e\" \/>\u00a0\u00bfPor qu\u00e9 elevar la fuente de agua de tu gato?\u00a0<img decoding=\"async\" class=\"emoji\" role=\"img\" draggable=\"false\" src=\"https:\/\/s.w.org\/images\/core\/emoji\/16.0.1\/svg\/1f431.svg\" alt=\"\ud83d\udc31\" \/><img decoding=\"async\" class=\"emoji\" role=\"img\" draggable=\"false\" src=\"https:\/\/s.w.org\/images\/core\/emoji\/16.0.1\/svg\/1f4a7.svg\" alt=\"\ud83d\udca7\" \/><\/h3>\n<p class=\"\" data-start=\"400\" data-end=\"523\">Elevar la\u00a0<strong data-start=\"410\" data-end=\"439\">fuente de agua de tu gato<\/strong>\u00a0no es solo una cuesti\u00f3n est\u00e9tica, \u00a1es una mejora real para su salud y bienestar!\u00a0<img decoding=\"async\" class=\"emoji\" role=\"img\" draggable=\"false\" src=\"https:\/\/s.w.org\/images\/core\/emoji\/16.0.1\/svg\/1f63b.svg\" alt=\"\ud83d\ude3b\" \/><\/p>\n<p class=\"\" data-start=\"525\" data-end=\"825\"><img decoding=\"async\" class=\"emoji\" role=\"img\" draggable=\"false\" src=\"https:\/\/s.w.org\/images\/core\/emoji\/16.0.1\/svg\/2705.svg\" alt=\"\u2705\" \/>\u00a0<strong data-start=\"527\" data-end=\"559\">Postura ergon\u00f3mica y natural<\/strong><br data-start=\"559\" data-end=\"562\" \/>Beber desde una posici\u00f3n elevada evita que tu gato tenga que agacharse en exceso, lo que reduce la tensi\u00f3n en su cuello, columna y articulaciones. Esto es especialmente beneficioso para\u00a0<strong data-start=\"748\" data-end=\"765\">gatos mayores<\/strong>, con\u00a0<strong data-start=\"771\" data-end=\"783\">artritis<\/strong>\u00a0o razas de patas cortas como el munchkin.<\/p>\n<p class=\"\" data-start=\"827\" data-end=\"1055\"><img decoding=\"async\" class=\"emoji\" role=\"img\" draggable=\"false\" src=\"https:\/\/s.w.org\/images\/core\/emoji\/16.0.1\/svg\/2705.svg\" alt=\"\u2705\" \/>\u00a0<strong data-start=\"829\" data-end=\"871\">Hidrataci\u00f3n m\u00e1s frecuente y sin estr\u00e9s<\/strong><br data-start=\"871\" data-end=\"874\" \/>Una fuente en altura facilita el acceso al agua, haciendo que tu gato\u00a0<strong data-start=\"944\" data-end=\"956\">beba m\u00e1s<\/strong>\u00a0y se mantenga mejor hidratado\u00a0<img decoding=\"async\" class=\"emoji\" role=\"img\" draggable=\"false\" src=\"https:\/\/s.w.org\/images\/core\/emoji\/16.0.1\/svg\/1f4a6.svg\" alt=\"\ud83d\udca6\" \/>, lo cual es clave para prevenir problemas urinarios y renales\u00a0<img decoding=\"async\" class=\"emoji\" role=\"img\" draggable=\"false\" src=\"https:\/\/s.w.org\/images\/core\/emoji\/16.0.1\/svg\/1f3e5.svg\" alt=\"\ud83c\udfe5\" \/>.<\/p>\n<p class=\"\" data-start=\"1057\" data-end=\"1267\"><img decoding=\"async\" class=\"emoji\" role=\"img\" draggable=\"false\" src=\"https:\/\/s.w.org\/images\/core\/emoji\/16.0.1\/svg\/2705.svg\" alt=\"\u2705\" \/>\u00a0<strong data-start=\"1059\" data-end=\"1094\">Evita derrames y deslizamientos<\/strong><br data-start=\"1094\" data-end=\"1097\" \/>Con una\u00a0<strong data-start=\"1105\" data-end=\"1121\">base elevada<\/strong>\u00a0y estable, la fuente se mantiene firme, evitando que se vuelque si tu gato es curioso o juguet\u00f3n. \u00a1Menos desorden y m\u00e1s tranquilidad para ti!\u00a0<img decoding=\"async\" class=\"emoji\" role=\"img\" draggable=\"false\" src=\"https:\/\/s.w.org\/images\/core\/emoji\/16.0.1\/svg\/1f9fc.svg\" alt=\"\ud83e\uddfc\" \/><img decoding=\"async\" class=\"emoji\" role=\"img\" draggable=\"false\" src=\"https:\/\/s.w.org\/images\/core\/emoji\/16.0.1\/svg\/2728.svg\" alt=\"\u2728\" \/><\/p>\n<p class=\"\" data-start=\"1269\" data-end=\"1508\"><img decoding=\"async\" class=\"emoji\" role=\"img\" draggable=\"false\" src=\"https:\/\/s.w.org\/images\/core\/emoji\/16.0.1\/svg\/2705.svg\" alt=\"\u2705\" \/>\u00a0<strong data-start=\"1271\" data-end=\"1321\">Ideal para gatos de todas las edades y tama\u00f1os<\/strong><br data-start=\"1321\" data-end=\"1324\" \/>Desde gatitos hasta felinos senior, una altura adecuada mejora la comodidad al beber y promueve un h\u00e1bito m\u00e1s saludable. Tambi\u00e9n evita que tengan que \u201cbucear\u201d para alcanzar el agua.\u00a0<img decoding=\"async\" class=\"emoji\" role=\"img\" draggable=\"false\" src=\"https:\/\/s.w.org\/images\/core\/emoji\/16.0.1\/svg\/1f43e.svg\" alt=\"\ud83d\udc3e\" \/><\/p>\n<p class=\"\" data-start=\"1510\" data-end=\"1733\"><img decoding=\"async\" class=\"emoji\" role=\"img\" draggable=\"false\" src=\"https:\/\/s.w.org\/images\/core\/emoji\/16.0.1\/svg\/2705.svg\" alt=\"\u2705\" \/>\u00a0<strong data-start=\"1512\" data-end=\"1570\">Complemento perfecto para fuentes tipo Catit o PetSafe<\/strong><br data-start=\"1570\" data-end=\"1573\" \/>Si ya usas una\u00a0<strong data-start=\"1588\" data-end=\"1617\">fuente de agua para gatos<\/strong>, una\u00a0<strong data-start=\"1623\" data-end=\"1655\">plataforma elevada de madera<\/strong>\u00a0es el accesorio ideal para mejorar su funcionalidad sin sacrificar estilo\u00a0<img decoding=\"async\" class=\"emoji\" role=\"img\" draggable=\"false\" src=\"https:\/\/s.w.org\/images\/core\/emoji\/16.0.1\/svg\/1f38d.svg\" alt=\"\ud83c\udf8d\" \/>.<\/p>\n<p class=\"\" data-start=\"1735\" data-end=\"1843\">Elevar la fuente no solo es \u00fatil\u2026 \u00a1es una forma inteligente y responsable de cuidar a tu gato cada d\u00eda!\u00a0<img decoding=\"async\" class=\"emoji\" role=\"img\" draggable=\"false\" src=\"https:\/\/s.w.org\/images\/core\/emoji\/16.0.1\/svg\/1f6d2.svg\" alt=\"\ud83d\uded2\" \/><img decoding=\"async\" class=\"emoji\" role=\"img\" draggable=\"false\" src=\"https:\/\/s.w.org\/images\/core\/emoji\/16.0.1\/svg\/1f49a.svg\" alt=\"\ud83d\udc9a\" \/><\/p>\n<p>&nbsp;<\/p>\n<p><strong>A TENER EN CUENTA:<\/strong><\/p>\n<p>Plazo de fabricaci\u00f3n:\u00a0<b>15 d\u00edas laborales desde que recibimos el pago<\/b><\/p>\n<p>Plazo de env\u00edo:\u00a0<strong>48<\/strong><strong>h\/72h<\/strong><\/p>\n<p>Gastos de env\u00edo\u00a0<strong>GRATIS<\/strong><\/p>\n<p>Por ahora,\u00a0<strong>S\u00d3LO ENVIAMOS A PEN\u00cdNSULA<\/strong><\/p>\n<p>M\u00e9todo de pago:\u00a0<strong>transferencia bancaria o Bizum<\/strong><\/p>\n<p><strong><em>*Todos nuestros productos se hacen de forma artesanal uno a uno y nunca son id\u00e9nticos entre ellos. Es por eso que las fotos del producto pueden variar al producto que recibas en tu casa en cuanto a la veta de la madera, color, nudos, textura\u2026tambi\u00e9n en cuanto al tipo de ensamble entre las maderas.<\/em><\/strong><\/p>\n<p>Todas las im\u00e1genes contenidas en esta web han sido descargadas de forma gratuita en la web\u00a0<a href=\"https:\/\/www.flaticon.es\/\"><strong>https:\/\/www.flaticon.es\/<\/strong><\/a><\/p>\n<p>En el men\u00fa<strong>\u00a0<a href=\"https:\/\/mundovirutas.es\/en\/autoria-imagenes\/\" target=\"_blank\" rel=\"noopener noreferrer\">LEGAL\/AUTORIA DE IMAGENES<\/a><\/strong>\u00a0de esta misma web puede comprobar la autor\u00eda de cada dise\u00f1o.<\/p>","protected":false},"excerpt":{"rendered":"<p class=\"\" data-start=\"93\" data-end=\"177\"><strong data-start=\"93\" data-end=\"172\">Plataforma de Madera Elevada para Fuentes de Gatos \u2013 Artesanal y Ergon\u00f3mica<\/strong>\u00a0\ud83d\udc31\ud83c\udf3f<\/p>\n<p class=\"\" data-start=\"179\" data-end=\"396\">Haz que la hidrataci\u00f3n de tu gato sea m\u00e1s c\u00f3moda y estilosa con esta plataforma de madera artesanal. Hecha de pino macizo sostenible, eleva la fuente a la altura ideal para mejorar su postura y embellecer tu hogar.\u00a0\ud83d\ude3b<\/p>\n<p class=\"\" data-start=\"398\" data-end=\"747\">\ud83c\udf3f\u00a0<strong data-start=\"401\" data-end=\"417\">Hecha a mano<\/strong>\u00a0con madera de pino sostenible.<br data-start=\"448\" data-end=\"451\" \/>\ud83d\udca7\u00a0<strong data-start=\"454\" data-end=\"468\">Compatible<\/strong>\u00a0con fuentes Catit, PetSafe y m\u00e1s.<br data-start=\"502\" data-end=\"505\" \/>\ud83d\udccf\u00a0<strong data-start=\"508\" data-end=\"519\">Medidas<\/strong>: 36 \u00d7 25 \u00d7 13 cm, hueco de 18-20 cm de di\u00e1metro.<br data-start=\"568\" data-end=\"571\" \/>\ud83d\udee1\ufe0f\u00a0<strong data-start=\"575\" data-end=\"596\">Estabilidad total<\/strong>: evita derrames y deslizamientos.<br data-start=\"630\" data-end=\"633\" \/>\ud83c\udf31\u00a0<strong data-start=\"636\" data-end=\"656\">F\u00e1cil de limpiar<\/strong>\u00a0y acabado natural con barniz no t\u00f3xico.<br data-start=\"696\" data-end=\"699\" \/>\u270d\ufe0f\u00a0<strong data-start=\"702\" data-end=\"721\">Personalizaci\u00f3n<\/strong>\u00a0con el nombre de tu gato.<\/p>\n<p class=\"\" data-start=\"749\" data-end=\"876\">Perfecta para hogares con estilo y gatos exigentes.<br data-start=\"800\" data-end=\"803\" \/>\ud83d\uded2\u00a0<strong data-start=\"806\" data-end=\"843\">Env\u00edo r\u00e1pido y atenci\u00f3n artesanal<\/strong>\u00a0garantizada. \u00a1Haz tu pedido hoy!<\/p>","protected":false},"featured_media":6101,"comment_status":"open","ping_status":"closed","template":"","meta":[],"product_brand":[],"product_cat":[172],"product_tag":[],"class_list":{"0":"post-6100","1":"product","2":"type-product","3":"status-publish","4":"has-post-thumbnail","6":"product_cat-bebederos","8":"first","9":"instock","10":"taxable","11":"shipping-taxable","12":"purchasable","13":"product-type-simple"},"_links":{"self":[{"href":"https:\/\/mundovirutas.es\/en\/wp-json\/wp\/v2\/product\/6100","targetHints":{"allow":["GET"]}}],"collection":[{"href":"https:\/\/mundovirutas.es\/en\/wp-json\/wp\/v2\/product"}],"about":[{"href":"https:\/\/mundovirutas.es\/en\/wp-json\/wp\/v2\/types\/product"}],"replies":[{"embeddable":true,"href":"https:\/\/mundovirutas.es\/en\/wp-json\/wp\/v2\/comments?post=6100"}],"version-history":[{"count":3,"href":"https:\/\/mundovirutas.es\/en\/wp-json\/wp\/v2\/product\/6100\/revisions"}],"predecessor-version":[{"id":6844,"href":"https:\/\/mundovirutas.es\/en\/wp-json\/wp\/v2\/product\/6100\/revisions\/6844"}],"wp:featuredmedia":[{"embeddable":true,"href":"https:\/\/mundovirutas.es\/en\/wp-json\/wp\/v2\/media\/6101"}],"wp:attachment":[{"href":"https:\/\/mundovirutas.es\/en\/wp-json\/wp\/v2\/media?parent=6100"}],"wp:term":[{"taxonomy":"product_brand","embeddable":true,"href":"https:\/\/mundovirutas.es\/en\/wp-json\/wp\/v2\/product_brand?post=6100"},{"taxonomy":"product_cat","embeddable":true,"href":"https:\/\/mundovirutas.es\/en\/wp-json\/wp\/v2\/product_cat?post=6100"},{"taxonomy":"product_tag","embeddable":true,"href":"https:\/\/mundovirutas.es\/en\/wp-json\/wp\/v2\/product_tag?post=6100"}],"curies":[{"name":"wp","href":"https:\/\/api.w.org\/{rel}","templated":true}]}}