{"id":6156,"date":"2025-10-24T01:10:37","date_gmt":"2025-10-24T01:10:37","guid":{"rendered":"https:\/\/mundovirutas.es\/?post_type=product&#038;p=6156"},"modified":"2026-03-05T07:17:10","modified_gmt":"2026-03-05T07:17:10","slug":"bebedero-elevado-modelo-mykonos","status":"publish","type":"product","link":"https:\/\/mundovirutas.es\/en\/product\/bebedero-elevado-modelo-mykonos\/","title":{"rendered":"Bebedero elevado modelo \u00abMykonos\u00bb"},"content":{"rendered":"<p class=\"\" data-start=\"256\" data-end=\"524\">Transforma el rinc\u00f3n de tu mascota en un espacio con estilo gracias al\u00a0<strong data-start=\"327\" data-end=\"347\">Bebedero Mykonos<\/strong>, una pieza artesanal que fusiona funcionalidad, dise\u00f1o y sostenibilidad. Ideal para due\u00f1os que valoran los productos bien hechos, personalizados y respetuosos con el planeta.\u00a0<img decoding=\"async\" class=\"emoji\" role=\"img\" draggable=\"false\" src=\"https:\/\/s.w.org\/images\/core\/emoji\/16.0.1\/svg\/2728.svg\" alt=\"\u2728\" \/><\/p>\n<h3 class=\"\" data-start=\"526\" data-end=\"577\"><img decoding=\"async\" class=\"emoji\" role=\"img\" draggable=\"false\" src=\"https:\/\/s.w.org\/images\/core\/emoji\/16.0.1\/svg\/1f333.svg\" alt=\"\ud83c\udf33\" \/>\u00a0Materiales Premium y Durabilidad Garantizada<\/h3>\n<p class=\"\" data-start=\"578\" data-end=\"878\">Elaborado con\u00a0<strong data-start=\"592\" data-end=\"637\">madera de pino macizo de 1,8 cm de grosor<\/strong>, este bebedero ofrece una base firme, estable y resistente al uso diario. Tratado con\u00a0<strong data-start=\"724\" data-end=\"777\">productos anti-c\u00e1rcoma, anti-moho y anti-insectos<\/strong>, y protegido con\u00a0<strong data-start=\"795\" data-end=\"836\">tapaporos y barniz acr\u00edlico no t\u00f3xico<\/strong>, est\u00e1 dise\u00f1ado para durar\u2026 \u00a1y lucir bien!<\/p>\n<h3 class=\"\" data-start=\"880\" data-end=\"913\"><img decoding=\"async\" class=\"emoji\" role=\"img\" draggable=\"false\" src=\"https:\/\/s.w.org\/images\/core\/emoji\/16.0.1\/svg\/1f504.svg\" alt=\"\ud83d\udd04\" \/>\u00a0Adaptado a Sus Necesidades<\/h3>\n<p class=\"\" data-start=\"914\" data-end=\"1183\">Disponible en\u00a0<strong data-start=\"928\" data-end=\"955\">tres alturas diferentes<\/strong>, se ajusta perfectamente a perros y gatos de todos los tama\u00f1os, promoviendo una postura c\u00f3moda al beber. El\u00a0<strong data-start=\"1064\" data-end=\"1103\">cuenco de acero inoxidable de 0.75L<\/strong>\u00a0incluido es apto tanto para agua como para alimentos, f\u00e1cil de extraer y lavar.<\/p>\n<h3 class=\"\" data-start=\"1185\" data-end=\"1220\"><img decoding=\"async\" class=\"emoji\" role=\"img\" draggable=\"false\" src=\"https:\/\/s.w.org\/images\/core\/emoji\/16.0.1\/svg\/1f58b.svg\" alt=\"\ud83d\udd8b\ufe0f\" \/>\u00a0Personalizaci\u00f3n L\u00e1ser \u00danica<\/h3>\n<p class=\"\" data-start=\"1221\" data-end=\"1419\">Hazlo exclusivo con un\u00a0<strong data-start=\"1244\" data-end=\"1269\">grabado personalizado<\/strong>: el nombre de tu mascota, una palabra especial o un dise\u00f1o que hable por ti. Un detalle decorativo que convierte este bebedero en un accesorio \u00fanico.<\/p>\n<h3 class=\"\" data-start=\"1421\" data-end=\"1445\"><img decoding=\"async\" class=\"emoji\" role=\"img\" draggable=\"false\" src=\"https:\/\/s.w.org\/images\/core\/emoji\/16.0.1\/svg\/1f3e1.svg\" alt=\"\ud83c\udfe1\" \/>\u00a0Estilo que Decora<\/h3>\n<p class=\"\" data-start=\"1446\" data-end=\"1665\">Con un dise\u00f1o que mezcla lo\u00a0<strong data-start=\"1474\" data-end=\"1499\">r\u00fastico y lo elegante<\/strong>, el Bebedero Mykonos se integra perfectamente tanto en interiores como exteriores. M\u00e1s que funcional, es un complemento decorativo que eleva el espacio de tu peludo.<\/p>\n<h3 class=\"\" data-start=\"1667\" data-end=\"1697\"><img decoding=\"async\" class=\"emoji\" role=\"img\" draggable=\"false\" src=\"https:\/\/s.w.org\/images\/core\/emoji\/16.0.1\/svg\/1f30d.svg\" alt=\"\ud83c\udf0d\" \/> Compromiso Eco-Friendly<\/h3>\n<h3 class=\"\" data-start=\"1667\" data-end=\"1697\"><img decoding=\"async\" class=\"emoji\" style=\"background-color: #ffffff; font-size: 16px; font-weight: 400;\" role=\"img\" draggable=\"false\" src=\"https:\/\/s.w.org\/images\/core\/emoji\/16.0.1\/svg\/1f331.svg\" alt=\"\ud83c\udf31\" \/><span style=\"font-size: 16px; font-weight: 400;\">\u00a0Hecho a mano con\u00a0<\/span><strong style=\"font-size: 16px;\" data-start=\"1720\" data-end=\"1741\">madera sostenible<\/strong><\/h3>\n<h3 class=\"\" data-start=\"1667\" data-end=\"1697\"><img decoding=\"async\" class=\"emoji\" style=\"background-color: #ffffff; font-size: 16px; font-weight: 400;\" role=\"img\" draggable=\"false\" src=\"https:\/\/s.w.org\/images\/core\/emoji\/16.0.1\/svg\/1f43e.svg\" alt=\"\ud83d\udc3e\" \/><span style=\"font-size: 16px; font-weight: 400;\"> Procesos responsables que reducen el impacto ambiental<\/span><\/h3>\n<h3 class=\"\" data-start=\"1667\" data-end=\"1697\"><img decoding=\"async\" class=\"emoji\" style=\"background-color: #ffffff; font-size: 16px; font-weight: 400;\" role=\"img\" draggable=\"false\" src=\"https:\/\/s.w.org\/images\/core\/emoji\/16.0.1\/svg\/2705.svg\" alt=\"\u2705\" \/><span style=\"font-size: 16px; font-weight: 400;\">\u00a0Acabados seguros para mascotas y personas<\/span><\/h3>\n<p class=\"\" data-start=\"1854\" data-end=\"2029\"><img decoding=\"async\" class=\"emoji\" role=\"img\" draggable=\"false\" src=\"https:\/\/s.w.org\/images\/core\/emoji\/16.0.1\/svg\/1f381.svg\" alt=\"\ud83c\udf81\" \/>\u00a0Perfecto para regalar o renovar el rinc\u00f3n de tu compa\u00f1ero peludo con calidad y estilo.\u00a0<strong data-start=\"1944\" data-end=\"2029\">Entrega r\u00e1pida, atenci\u00f3n personalizada y un producto que enamora a primera vista.<\/strong><\/p>\n<p class=\"\" data-start=\"2031\" data-end=\"2178\"><strong data-start=\"2031\" data-end=\"2169\">Haz del momento de beber una experiencia m\u00e1s c\u00f3moda, bella y sostenible. Elige el Bebedero Mykonos: un peque\u00f1o gesto, un gran impacto.<\/strong>\u00a0<img decoding=\"async\" class=\"emoji\" role=\"img\" draggable=\"false\" src=\"https:\/\/s.w.org\/images\/core\/emoji\/16.0.1\/svg\/1f49a.svg\" alt=\"\ud83d\udc9a\" \/><img decoding=\"async\" class=\"emoji\" role=\"img\" draggable=\"false\" src=\"https:\/\/s.w.org\/images\/core\/emoji\/16.0.1\/svg\/1f4a7.svg\" alt=\"\ud83d\udca7\" \/><img decoding=\"async\" class=\"emoji\" role=\"img\" draggable=\"false\" src=\"https:\/\/s.w.org\/images\/core\/emoji\/16.0.1\/svg\/1f436.svg\" alt=\"\ud83d\udc36\" \/><img decoding=\"async\" class=\"emoji\" role=\"img\" draggable=\"false\" src=\"https:\/\/s.w.org\/images\/core\/emoji\/16.0.1\/svg\/1f431.svg\" alt=\"\ud83d\udc31\" \/><\/p>\n<p><strong>A TENER EN CUENTA:<\/strong><\/p>\n<p>Plazo de fabricaci\u00f3n:\u00a0<strong>15 dias laborales desde que recibimos el pago<\/strong><\/p>\n<p>Plazo de env\u00edo:\u00a0<strong>48<\/strong><strong>h\/72h<\/strong><\/p>\n<p>Gastos de env\u00edo\u00a0<strong>GRATIS<\/strong><\/p>\n<p>Por ahora,\u00a0<strong>S\u00d3LO ENVIAMOS A PEN\u00cdNSULA<\/strong><\/p>\n<p>M\u00e9todo de pago:\u00a0<strong>transferencia bancaria o Bizum<\/strong><\/p>\n<p><strong><em>*Todos nuestros productos se hacen de forma artesanal uno a uno y nunca son id\u00e9nticos entre ellos. Es por eso que las fotos del producto pueden variar al producto que recibas en tu casa en cuanto a la veta de la madera, color, nudos, textura\u2026tambi\u00e9n en cuanto al tipo de ensamble entre las maderas.<\/em><\/strong><\/p>\n<p><strong data-rich-text-format-boundary=\"true\">LAS IM\u00c1GENES QUE APARECEN EN PRODUCTOS,\u00a0<\/strong>son descargadas de forma gratuita desde las p\u00e1ginas<strong data-rich-text-format-boundary=\"true\">\u00a0Freepik, Flaticon y PNGtree<br \/>\n<\/strong><\/p>\n<p>En el men\u00fa<strong>\u00a0<a href=\"https:\/\/mundovirutas.es\/en\/autoria-imagenes\/\" target=\"_blank\" rel=\"noopener noreferrer\">LEGAL\/AUTORIA DE IMAGENES<\/a><\/strong>\u00a0de esta misma web dispone de m\u00e1s informaci\u00f3n al respecto.<\/p>","protected":false},"excerpt":{"rendered":"<p class=\"\" data-start=\"60\" data-end=\"128\"><strong data-start=\"60\" data-end=\"123\">Bebedero Artesanal para Mascotas \u2013 Dise\u00f1o \u00danico y Ecol\u00f3gico<\/strong>\u00a0\ud83c\udf31\ud83d\udc3e<\/p>\n<p class=\"\" data-start=\"130\" data-end=\"433\">\u00a1Combina belleza y funcionalidad con el\u00a0<strong data-start=\"170\" data-end=\"190\">Bebedero Mykonos<\/strong>, una pieza artesanal que enamora a due\u00f1os y mascotas!\u00a0\ud83d\udc96\u00a0Sum\u00e1ndose al \u00e9xito de nuestro Bebedero Pet Friendly, esta creaci\u00f3n en madera garantiza durabilidad, personalizaci\u00f3n y un dise\u00f1o que transforma cualquier espacio en un rinc\u00f3n especial.\u00a0\u2728<\/p>\n<p class=\"\" data-start=\"435\" data-end=\"587\">\u00a1Hazlo \u00fanico! Personal\u00edzalo con\u00a0<strong data-start=\"467\" data-end=\"484\">grabado l\u00e1ser<\/strong>\u00a0para crear un accesorio exclusivo que refleje el estilo de tu hogar o el nombre de tu mascota.\u00a0\ud83d\udd8b\ufe0f\ud83d\udc36\ud83d\udc31<\/p>\n<p class=\"\" data-start=\"589\" data-end=\"651\"><strong data-start=\"589\" data-end=\"650\">Caracter\u00edsticas Clave para Tu Tranquilidad y Su Bienestar<\/strong>:<\/p>\n<p class=\"\" data-start=\"653\" data-end=\"1127\">\ud83c\udf33\u00a0<strong data-start=\"656\" data-end=\"676\">Material Premium<\/strong>: Fabricado en madera de pino macizo de 1,8 cm de grosor, resistente y estable.<br data-start=\"755\" data-end=\"758\" \/>\ud83d\udee1\ufe0f\u00a0<strong data-start=\"762\" data-end=\"782\">Protecci\u00f3n Total<\/strong>: Tratamiento anti-c\u00e1rcoma, anti-moho y anti-insectos\u00a0\ud83e\udeb2\u00a0+ tapaporos y barniz acr\u00edlico para mayor durabilidad.<br data-start=\"892\" data-end=\"895\" \/>\ud83d\udd04\u00a0<strong data-start=\"898\" data-end=\"914\">Versatilidad<\/strong>: Tres alturas a elegir + cuenco de acero inoxidable de 0,75 L (apto para alimentos y l\u00edquidos).<br data-start=\"1010\" data-end=\"1013\" \/>\u2764\ufe0f\u00a0<strong data-start=\"1016\" data-end=\"1034\">Hecho con Amor<\/strong>: Producido de forma artesanal y con madera sostenible, reduciendo el impacto ambiental\u00a0\ud83c\udf0d.<\/p>\n<p class=\"\" data-start=\"1129\" data-end=\"1171\"><strong data-start=\"1129\" data-end=\"1169\">\u00bfPor qu\u00e9 elegir el Bebedero Mykonos?<\/strong><\/p>\n<p class=\"\" data-start=\"1173\" data-end=\"1446\">\ud83c\udfa8\u00a0<strong data-start=\"1176\" data-end=\"1209\">Dise\u00f1o funcional y decorativo<\/strong>: Ideal para interiores o exteriores, combina rusticidad y elegancia.\u00a0\ud83c\udfe1<br data-start=\"1281\" data-end=\"1284\" \/>\u2705\u00a0<strong data-start=\"1286\" data-end=\"1309\">Seguridad y calidad<\/strong>: Acabados no t\u00f3xicos y materiales seguros para tus mascotas.<br data-start=\"1370\" data-end=\"1373\" \/>\ud83c\udf0d\u00a0<strong data-start=\"1376\" data-end=\"1392\">Eco-friendly<\/strong>: Contribuye al cuidado del planeta con cada compra.<\/p>\n<p class=\"\" data-start=\"1448\" data-end=\"1628\">\u00a1Sorpr\u00e9ndete con un producto que une\u00a0<strong data-start=\"1485\" data-end=\"1498\">artesan\u00eda<\/strong>,\u00a0<strong data-start=\"1500\" data-end=\"1519\">personalizaci\u00f3n<\/strong>\u00a0y\u00a0<strong data-start=\"1522\" data-end=\"1546\">conciencia ecol\u00f3gica<\/strong>. \u00a1Haz tuyo el Bebedero Mykonos y dale a tu mascota el detalle que se merece!\u00a0\ud83d\udca7\ud83d\udc9a<\/p>","protected":false},"featured_media":6160,"comment_status":"open","ping_status":"closed","template":"","meta":[],"product_brand":[],"product_cat":[172],"product_tag":[],"class_list":{"0":"post-6156","1":"product","2":"type-product","3":"status-publish","4":"has-post-thumbnail","6":"product_cat-bebederos","8":"first","9":"instock","10":"taxable","11":"shipping-taxable","12":"purchasable","13":"product-type-variable"},"_links":{"self":[{"href":"https:\/\/mundovirutas.es\/en\/wp-json\/wp\/v2\/product\/6156","targetHints":{"allow":["GET"]}}],"collection":[{"href":"https:\/\/mundovirutas.es\/en\/wp-json\/wp\/v2\/product"}],"about":[{"href":"https:\/\/mundovirutas.es\/en\/wp-json\/wp\/v2\/types\/product"}],"replies":[{"embeddable":true,"href":"https:\/\/mundovirutas.es\/en\/wp-json\/wp\/v2\/comments?post=6156"}],"version-history":[{"count":3,"href":"https:\/\/mundovirutas.es\/en\/wp-json\/wp\/v2\/product\/6156\/revisions"}],"predecessor-version":[{"id":6843,"href":"https:\/\/mundovirutas.es\/en\/wp-json\/wp\/v2\/product\/6156\/revisions\/6843"}],"wp:featuredmedia":[{"embeddable":true,"href":"https:\/\/mundovirutas.es\/en\/wp-json\/wp\/v2\/media\/6160"}],"wp:attachment":[{"href":"https:\/\/mundovirutas.es\/en\/wp-json\/wp\/v2\/media?parent=6156"}],"wp:term":[{"taxonomy":"product_brand","embeddable":true,"href":"https:\/\/mundovirutas.es\/en\/wp-json\/wp\/v2\/product_brand?post=6156"},{"taxonomy":"product_cat","embeddable":true,"href":"https:\/\/mundovirutas.es\/en\/wp-json\/wp\/v2\/product_cat?post=6156"},{"taxonomy":"product_tag","embeddable":true,"href":"https:\/\/mundovirutas.es\/en\/wp-json\/wp\/v2\/product_tag?post=6156"}],"curies":[{"name":"wp","href":"https:\/\/api.w.org\/{rel}","templated":true}]}}