{"id":6292,"date":"2025-10-24T16:32:23","date_gmt":"2025-10-24T16:32:23","guid":{"rendered":"https:\/\/mundovirutas.es\/?post_type=product&#038;p=6292"},"modified":"2026-03-05T07:29:21","modified_gmt":"2026-03-05T07:29:21","slug":"casita-para-pajaros-modelo-hooper","status":"publish","type":"product","link":"https:\/\/mundovirutas.es\/en\/product\/casita-para-pajaros-modelo-hooper\/","title":{"rendered":"Casita para p\u00e1jaros modelo \u00abHooper\u00bb"},"content":{"rendered":"<h3 class=\"\" data-start=\"515\" data-end=\"602\">\ud83d\udc26\u00a0<strong data-start=\"522\" data-end=\"599\">\u00bfBuscas una casita para p\u00e1jaros? Esta es la mejor elecci\u00f3n para tu jard\u00edn<\/strong>\u00a0\ud83c\udf3f<\/h3>\n<p class=\"\" data-start=\"604\" data-end=\"944\">Si est\u00e1s pensando en a\u00f1adir una\u00a0<strong data-start=\"636\" data-end=\"671\">casita para p\u00e1jaros a tu jard\u00edn<\/strong>, terraza o balc\u00f3n, \u00a1has llegado al lugar perfecto!\u00a0\ud83c\udfe1\u00a0Nuestras\u00a0<strong data-start=\"735\" data-end=\"791\">casitas artesanales de madera con detalles en bronce<\/strong>\u00a0no solo cumplen una funci\u00f3n decorativa, sino que son un verdadero\u00a0<strong data-start=\"858\" data-end=\"890\">refugio para aves silvestres<\/strong>, dise\u00f1adas con amor, sostenibilidad y m\u00e1xima calidad.<\/p>\n<h3 class=\"\" data-start=\"951\" data-end=\"1016\">\ud83c\udf33\u00a0<strong data-start=\"958\" data-end=\"1016\">\u00bfPor qu\u00e9 deber\u00edas tener una casita de p\u00e1jaros en casa?<\/strong><\/h3>\n<p class=\"\" data-start=\"1018\" data-end=\"1554\">\u2714\ufe0f\u00a0<strong data-start=\"1021\" data-end=\"1051\">Favoreces la biodiversidad<\/strong>: Ayudas a aves como gorriones, herrerillos, carboneros y petirrojos a encontrar un lugar seguro para anidar y resguardarse.<br data-start=\"1175\" data-end=\"1178\" \/>\u2714\ufe0f\u00a0<strong data-start=\"1181\" data-end=\"1222\">Disfrutas de la naturaleza desde casa<\/strong>: Observar a las aves es una experiencia relajante, educativa y m\u00e1gica.<br data-start=\"1293\" data-end=\"1296\" \/>\u2714\ufe0f\u00a0<strong data-start=\"1299\" data-end=\"1329\">Decoras con estilo natural<\/strong>: Las casitas son preciosas y se integran perfectamente en cualquier espacio exterior.<br data-start=\"1415\" data-end=\"1418\" \/>\u2714\ufe0f\u00a0<strong data-start=\"1421\" data-end=\"1468\">Aportas tu grano de arena al medio ambiente<\/strong>: Estas casitas est\u00e1n hechas a mano, con madera certificada FSC y bronce reciclado\u00a0\u267b\ufe0f.<\/p>\n<h3 class=\"\" data-start=\"1561\" data-end=\"1638\">\ud83e\udeba\u00a0<strong data-start=\"1568\" data-end=\"1638\">Recomendaci\u00f3n destacada: Casita artesanal con accesorios de bronce<\/strong><\/h3>\n<p class=\"\" data-start=\"1640\" data-end=\"1717\">Esta casita no es una m\u00e1s del mont\u00f3n. Se trata de un\u00a0<strong data-start=\"1693\" data-end=\"1711\">modelo premium<\/strong>, con:<\/p>\n<p class=\"\" data-start=\"1719\" data-end=\"2036\">\ud83d\udd39\u00a0<strong data-start=\"1722\" data-end=\"1759\">Madera maciza tratada sin t\u00f3xicos<\/strong>\u00a0(como pino, cedro o roble)<br data-start=\"1786\" data-end=\"1789\" \/>\ud83d\udd39\u00a0<strong data-start=\"1792\" data-end=\"1826\">Cerradura y bisagras de bronce<\/strong>\u00a0resistentes al \u00f3xido<br data-start=\"1847\" data-end=\"1850\" \/>\ud83d\udd39\u00a0<strong data-start=\"1853\" data-end=\"1883\">Puerta lateral de limpieza<\/strong>\u00a0para facilitar el mantenimiento<br data-start=\"1915\" data-end=\"1918\" \/>\ud83d\udd39\u00a0<strong data-start=\"1921\" data-end=\"1985\">Dise\u00f1o con ventilaci\u00f3n natural y entrada redondeada (3-4 cm)<\/strong><br data-start=\"1985\" data-end=\"1988\" \/>\ud83d\udd39\u00a0<strong data-start=\"1991\" data-end=\"2036\">Protecci\u00f3n contra humedad y clima adverso<\/strong><\/p>\n<p class=\"\" data-start=\"2038\" data-end=\"2263\">Adem\u00e1s, su est\u00e9tica\u00a0<strong data-start=\"2058\" data-end=\"2082\">exclusiva y elegante<\/strong>\u00a0la convierte en una verdadera joya de jard\u00edn\u00a0\ud83c\udf3c. Ya no solo estar\u00e1s ofreciendo un nido a tus aves favoritas, sino tambi\u00e9n\u00a0<strong data-start=\"2205\" data-end=\"2242\">embelleciendo tu espacio exterior<\/strong>\u00a0de forma consciente.<\/p>\n<h3 class=\"\" data-start=\"2270\" data-end=\"2305\">\u2728\u00a0<strong data-start=\"2276\" data-end=\"2305\">Mi recomendaci\u00f3n personal<\/strong><\/h3>\n<p class=\"\" data-start=\"2307\" data-end=\"2553\"><em data-start=\"2307\" data-end=\"2550\">Tengo casitas de p\u00e1jaros similares desde hace a\u00f1os en mi jard\u00edn, y siempre vuelven a anidar. Es una maravilla ver c\u00f3mo llegan en primavera y c\u00f3mo cuidan a sus cr\u00edas. Una experiencia preciosa que recomiendo a cualquiera que ame la naturaleza.<\/em>\u00a0\ud83d\udc23<\/p>\n<h3 class=\"\" data-start=\"2560\" data-end=\"2619\">\u2764\ufe0f\u00a0<strong data-start=\"2567\" data-end=\"2619\">Elige con conciencia y conecta con la naturaleza<\/strong><\/h3>\n<p class=\"\" data-start=\"2621\" data-end=\"2790\">No es solo una casita, es un\u00a0<strong data-start=\"2650\" data-end=\"2687\">acto de amor por la biodiversidad<\/strong>. Con cada compra, apoyas la producci\u00f3n responsable, la econom\u00eda local y el bienestar de nuestras aves.<\/p>\n<p class=\"\" data-start=\"2792\" data-end=\"2857\">\ud83d\udce6\u00a0<strong data-start=\"2795\" data-end=\"2857\">Producto exclusivo | Marca Seobird | Env\u00edo r\u00e1pido y seguro<\/strong><\/p>\n<p>&nbsp;<\/p>\n<p><strong>A TENER EN CUENTA:<\/strong><\/p>\n<p>Plazo de fabricaci\u00f3n:\u00a0<strong>15 dias laborales desde que recibimos el pago<\/strong><\/p>\n<p>Plazo de env\u00edo:\u00a0<strong>48<\/strong><strong>h\/72h<\/strong><\/p>\n<p>Gastos de env\u00edo\u00a0<strong>GRATIS<\/strong><\/p>\n<p>Por ahora,\u00a0<strong>S\u00d3LO ENVIAMOS A PEN\u00cdNSULA<\/strong><\/p>\n<p>M\u00e9todo de pago:\u00a0<strong>transferencia bancaria o Bizum<\/strong><\/p>\n<p><strong><em>*Todos nuestros productos se hacen de forma artesanal uno a uno y nunca son id\u00e9nticos entre ellos. Es por eso que las fotos del producto pueden variar al producto que recibas en tu casa en cuanto a la veta de la madera, color, nudos, textura\u2026tambi\u00e9n en cuanto al tipo de ensamble entre las maderas.<\/em><\/strong><\/p>\n<p><strong data-rich-text-format-boundary=\"true\">LAS IM\u00c1GENES QUE APARECEN EN PRODUCTOS,\u00a0<\/strong>son descargadas de forma gratuita desde las p\u00e1ginas<strong data-rich-text-format-boundary=\"true\">\u00a0Freepik, Flaticon y PNGtree<br \/>\n<\/strong><\/p>\n<p>En el men\u00fa<strong>\u00a0<a href=\"https:\/\/mundovirutas.es\/en\/autoria-imagenes\/\" target=\"_blank\" rel=\"noopener noreferrer\">LEGAL\/AUTORIA DE IMAGENES<\/a><\/strong>\u00a0de esta misma web dispone de m\u00e1s informaci\u00f3n al respecto.<\/p>","protected":false},"excerpt":{"rendered":"<p class=\"\" data-start=\"69\" data-end=\"149\"><strong data-start=\"69\" data-end=\"144\">Casita para P\u00e1jaros en Forma de Rombo \u2013 Dise\u00f1o Artesanal y Eco-Friendly<\/strong>\u00a0\ud83d\udc26\ud83c\udf3f<\/p>\n<p class=\"\" data-start=\"151\" data-end=\"354\">\u00a1Convierte tu jard\u00edn en un refugio natural con esta encantadora casita para p\u00e1jaros en forma de rombo! Hecha a mano con madera de pino macizo, es ideal para atraer gorriones, carboneros y herrerillos.\u00a0\ud83d\udc24<\/p>\n<p class=\"\" data-start=\"356\" data-end=\"771\">\ud83c\udf33\u00a0<strong data-start=\"359\" data-end=\"382\">Material Sostenible<\/strong>: Madera tratada contra carcoma, moho e insectos, durable y eco-friendly.<br data-start=\"455\" data-end=\"458\" \/>\ud83c\udfa8\u00a0<strong data-start=\"461\" data-end=\"482\">Acabado No T\u00f3xico<\/strong>: Lasur al agua respetuoso con las aves y el medio ambiente.<br data-start=\"542\" data-end=\"545\" \/>\ud83e\uddf9\u00a0<strong data-start=\"548\" data-end=\"566\">Limpieza F\u00e1cil<\/strong>: Puerta lateral para un acceso c\u00f3modo sin necesidad de desmontar.<br data-start=\"632\" data-end=\"635\" \/>\ud83d\udccf\u00a0<strong data-start=\"638\" data-end=\"654\" data-is-only-node=\"\">Tama\u00f1o Ideal<\/strong>: 26x19x13.5 cm con entrada de 3 cm.<br data-start=\"690\" data-end=\"693\" \/>\ud83d\udd27\u00a0<strong data-start=\"696\" data-end=\"714\">Montaje Seguro<\/strong>: Incluye pletina met\u00e1lica para colgar sin da\u00f1ar \u00e1rboles.<\/p>\n<p class=\"\" data-start=\"773\" data-end=\"1000\">\ud83c\udf3c\u00a0<strong data-start=\"776\" data-end=\"793\">Perfecta para<\/strong>: Jard\u00edn, balc\u00f3n o terraza. Un accesorio decorativo, ecol\u00f3gico y funcional.<br data-start=\"868\" data-end=\"871\" \/>\ud83d\udc9a\u00a0<strong data-start=\"874\" data-end=\"904\">Conexi\u00f3n con la Naturaleza<\/strong>: Un hogar seguro y atractivo para las aves, creando un refugio especial en tu espacio exterior.<\/p>\n<p class=\"\" data-start=\"1002\" data-end=\"1064\">\ud83d\uded2\u00a0<strong data-start=\"1005\" data-end=\"1021\">Env\u00edo r\u00e1pido<\/strong>\u00a0|\u00a0<strong data-start=\"1024\" data-end=\"1039\">Pago seguro<\/strong>\u00a0|\u00a0<strong data-start=\"1042\" data-end=\"1064\">Producto artesanal<\/strong><\/p>","protected":false},"featured_media":6293,"comment_status":"open","ping_status":"closed","template":"","meta":[],"product_brand":[],"product_cat":[174],"product_tag":[],"class_list":{"0":"post-6292","1":"product","2":"type-product","3":"status-publish","4":"has-post-thumbnail","6":"product_cat-pajaros","8":"first","9":"instock","10":"taxable","11":"shipping-taxable","12":"purchasable","13":"product-type-simple"},"_links":{"self":[{"href":"https:\/\/mundovirutas.es\/en\/wp-json\/wp\/v2\/product\/6292","targetHints":{"allow":["GET"]}}],"collection":[{"href":"https:\/\/mundovirutas.es\/en\/wp-json\/wp\/v2\/product"}],"about":[{"href":"https:\/\/mundovirutas.es\/en\/wp-json\/wp\/v2\/types\/product"}],"replies":[{"embeddable":true,"href":"https:\/\/mundovirutas.es\/en\/wp-json\/wp\/v2\/comments?post=6292"}],"version-history":[{"count":2,"href":"https:\/\/mundovirutas.es\/en\/wp-json\/wp\/v2\/product\/6292\/revisions"}],"predecessor-version":[{"id":6449,"href":"https:\/\/mundovirutas.es\/en\/wp-json\/wp\/v2\/product\/6292\/revisions\/6449"}],"wp:featuredmedia":[{"embeddable":true,"href":"https:\/\/mundovirutas.es\/en\/wp-json\/wp\/v2\/media\/6293"}],"wp:attachment":[{"href":"https:\/\/mundovirutas.es\/en\/wp-json\/wp\/v2\/media?parent=6292"}],"wp:term":[{"taxonomy":"product_brand","embeddable":true,"href":"https:\/\/mundovirutas.es\/en\/wp-json\/wp\/v2\/product_brand?post=6292"},{"taxonomy":"product_cat","embeddable":true,"href":"https:\/\/mundovirutas.es\/en\/wp-json\/wp\/v2\/product_cat?post=6292"},{"taxonomy":"product_tag","embeddable":true,"href":"https:\/\/mundovirutas.es\/en\/wp-json\/wp\/v2\/product_tag?post=6292"}],"curies":[{"name":"wp","href":"https:\/\/api.w.org\/{rel}","templated":true}]}}