{"id":6310,"date":"2025-10-24T16:40:45","date_gmt":"2025-10-24T16:40:45","guid":{"rendered":"https:\/\/mundovirutas.es\/?post_type=product&#038;p=6310"},"modified":"2026-03-05T07:19:47","modified_gmt":"2026-03-05T07:19:47","slug":"comedero-elevado-para-mascotas-modelo-tatoi","status":"publish","type":"product","link":"https:\/\/mundovirutas.es\/en\/product\/comedero-elevado-para-mascotas-modelo-tatoi\/","title":{"rendered":"Comedero elevado para mascotas modelo \u00abTatoi\u00bb"},"content":{"rendered":"<div class=\"wcz-product-long-desc\">\n<p class=\"\" data-start=\"304\" data-end=\"680\">Dale a tu mascota una experiencia\u00a0<em data-start=\"338\" data-end=\"359\">fuera de este mundo<\/em>\u00a0con el\u00a0<strong data-start=\"367\" data-end=\"389\">comedero Gal\u00e1ctico<\/strong>, una joya de dise\u00f1o inspirado en naves espaciales que combina\u00a0<strong data-start=\"452\" data-end=\"496\">estilo, ergonom\u00eda y conciencia ecol\u00f3gica<\/strong>. Hecho artesanalmente con materiales sostenibles y detalles que marcan la diferencia, este comedero es ideal para perros, gatos o mascotas peque\u00f1as con gustos\u2026 \u00a1del otro planeta!\u00a0\ud83c\udf0c<\/p>\n<h3 class=\"\" data-start=\"682\" data-end=\"735\">\ud83c\udf1f\u00a0Est\u00e9tica Intergal\u00e1ctica con Funcionalidad Real<\/h3>\n<p class=\"\" data-start=\"736\" data-end=\"977\">Con\u00a0<strong data-start=\"740\" data-end=\"765\">patas anguladas a 30\u00b0<\/strong>\u00a0y una estructura s\u00f3lida, este comedero no solo tiene un aspecto espectacular, sino que tambi\u00e9n mejora la postura de tu mascota al comer, reduciendo el estr\u00e9s en articulaciones y favoreciendo una mejor digesti\u00f3n.<\/p>\n<h3 class=\"\" data-start=\"979\" data-end=\"1026\">\ud83c\udf33\u00a0Madera Sostenible y Tratamientos Premium<\/h3>\n<p class=\"\" data-start=\"1027\" data-end=\"1278\">Fabricado en\u00a0<strong data-start=\"1040\" data-end=\"1077\">pino macizo de origen responsable<\/strong>, tratado contra insectos, moho y c\u00e1rcoma, y acabado con\u00a0<strong data-start=\"1134\" data-end=\"1163\">barniz acr\u00edlico no t\u00f3xico<\/strong>, es tan seguro como duradero. Dise\u00f1ado para resistir el uso diario y mantenerse como nuevo con el paso del tiempo.<\/p>\n<h3 class=\"\" data-start=\"1280\" data-end=\"1324\">\ud83e\udd63\u00a0Cuencos de Acero Inoxidable Incluidos<\/h3>\n<p class=\"\" data-start=\"1325\" data-end=\"1547\">El comedero Gal\u00e1ctico viene equipado con\u00a0<strong data-start=\"1366\" data-end=\"1383\">2 o 3 cuencos<\/strong>\u00a0de acero inoxidable (seg\u00fan el modelo), disponibles en capacidades de\u00a0<strong data-start=\"1453\" data-end=\"1470\">0.35L o 0.75L<\/strong>. Son higi\u00e9nicos, resistentes y f\u00e1ciles de lavar, ideales para el uso diario.<\/p>\n<h3 class=\"\" data-start=\"1549\" data-end=\"1582\">\u2728\u00a0Personalizaci\u00f3n L\u00e1ser \u00danica<\/h3>\n<p class=\"\" data-start=\"1583\" data-end=\"1763\">Haz que sea a\u00fan m\u00e1s especial con\u00a0<strong data-start=\"1616\" data-end=\"1641\">grabado personalizado<\/strong>: el nombre de tu mascota o una frase corta que represente su esp\u00edritu. Cada unidad es \u00fanica, hecha con mimo y dedicaci\u00f3n.<\/p>\n<h3 class=\"\" data-start=\"1765\" data-end=\"1791\">\ud83d\udccf\u00a0Tama\u00f1os Disponibles<\/h3>\n<p class=\"\" data-start=\"1794\" data-end=\"1804\"><strong data-start=\"1794\" data-end=\"1804\">Doble:<\/strong><\/p>\n<p class=\"\" data-start=\"1809\" data-end=\"1832\">Peque\u00f1o: 40 \u00d7 18.5 cm<\/p>\n<p class=\"\" data-start=\"1837\" data-end=\"1857\">Grande: 45 \u00d7 23 cm<\/p>\n<p class=\"\" data-start=\"1860\" data-end=\"1871\"><strong data-start=\"1860\" data-end=\"1871\">Triple:<\/strong><\/p>\n<p class=\"\" data-start=\"1876\" data-end=\"1899\">Peque\u00f1o: 52 \u00d7 18.5 cm<\/p>\n<p class=\"\" data-start=\"1904\" data-end=\"1924\">Grande: 63 \u00d7 23 cm<\/p>\n<h3 class=\"\" data-start=\"1926\" data-end=\"1970\">\ud83c\udf0d\u00a0Compromiso con el Planeta y el Dise\u00f1o<\/h3>\n<p class=\"\" data-start=\"1973\" data-end=\"2021\">Hecho a mano con madera de fuentes sostenibles<\/p>\n<p class=\"\" data-start=\"2024\" data-end=\"2080\">Tratamientos seguros para animales y el medio ambiente<\/p>\n<p class=\"\" data-start=\"2083\" data-end=\"2143\">Estilo innovador que se adapta a cualquier espacio moderno<\/p>\n<p class=\"\" data-start=\"2150\" data-end=\"2341\">\ud83c\udf81\u00a0<strong data-start=\"2153\" data-end=\"2174\">Ideal como regalo<\/strong>, como centro de mesa para tus mascotas o como accesorio decorativo funcional. Y con\u00a0<strong data-start=\"2259\" data-end=\"2282\">env\u00edo r\u00e1pido 24\/48h<\/strong>, tu aventura gal\u00e1ctica empieza m\u00e1s pronto de lo que crees.<\/p>\n<p class=\"\" data-start=\"2343\" data-end=\"2484\"><strong data-start=\"2343\" data-end=\"2480\">Haz que cada comida sea una misi\u00f3n estelar. El comedero Gal\u00e1ctico es el toque de dise\u00f1o que tu mascota (y tu hogar) estaba esperando.<\/strong>\u00a0\ud83d\udef8\u2728<\/p>\n<\/div>\n<div class=\"wcz-product-long-desc\">\n<p>&nbsp;<\/p>\n<p><strong>A TENER EN CUENTA:<\/strong><\/p>\n<p>Plazo de fabricaci\u00f3n:\u00a0<strong>15 dias laborales desde que recibimos el pago<\/strong><\/p>\n<p>Plazo de env\u00edo:\u00a0<strong>48<\/strong><strong>h\/72h<\/strong><\/p>\n<p>Gastos de env\u00edo\u00a0<strong>GRATIS<\/strong><\/p>\n<p>Por ahora,\u00a0<strong>S\u00d3LO ENVIAMOS A PEN\u00cdNSULA<\/strong><\/p>\n<p>M\u00e9todo de pago:\u00a0<strong>transferencia bancaria o Bizum<\/strong><\/p>\n<p><strong><em>*Todos nuestros productos se hacen de forma artesanal uno a uno y nunca son id\u00e9nticos entre ellos. Es por eso que las fotos del producto pueden variar al producto que recibas en tu casa en cuanto a la veta de la madera, color, nudos, textura\u2026tambi\u00e9n en cuanto al tipo de ensamble entre las maderas.<\/em><\/strong><\/p>\n<p><strong data-rich-text-format-boundary=\"true\">LAS IM\u00c1GENES QUE APARECEN EN PRODUCTOS,\u00a0<\/strong>son descargadas de forma gratuita desde las p\u00e1ginas<strong data-rich-text-format-boundary=\"true\">\u00a0Freepik, Flaticon y PNGtree<br \/>\n<\/strong><\/p>\n<p>En el men\u00fa<strong><a href=\"https:\/\/mundovirutas.es\/en\/autoria-imagenes\/\" target=\"_blank\" rel=\"noopener noreferrer\">LEGAL\/AUTORIA DE IMAGENES<\/a><\/strong>\u00a0de esta misma web dispone de m\u00e1s informaci\u00f3n al respecto.<\/p>\n<\/div>","protected":false},"excerpt":{"rendered":"<p class=\"\" data-start=\"56\" data-end=\"139\"><strong data-start=\"56\" data-end=\"132\">Comedero Artesanal para Mascotas \u201cGal\u00e1ctico\u201d | Dise\u00f1o \u00danico y Sostenible<\/strong>\u00a0\ud83d\ude80\ud83d\udc3e\ud83c\udf0d<\/p>\n<p class=\"\" data-start=\"141\" data-end=\"481\">\u00a1Deslumbra a tu mascota con el comedero \u201cGal\u00e1ctico\u201d!\u00a0\ud83c\udf1f\u00a0Un dise\u00f1o inspirado en naves espaciales pero pensado para patas peludas. Fabricado en madera de pino macizo y con patas anguladas a 30\u00ba, este comedero 2.0 combina estilo futurista, funcionalidad y amor por el planeta.\u00a0\ud83c\udf3f\u2728\u00a0\u00a1Perfecto para hogares que buscan algo fuera de este mundo!\u00a0\ud83c\udf0c<\/p>\n<p class=\"\" data-start=\"483\" data-end=\"531\"><strong data-start=\"483\" data-end=\"530\">Caracter\u00edsticas Clave para Due\u00f1os Exigentes<\/strong>:<\/p>\n<p class=\"\" data-start=\"533\" data-end=\"1037\">\ud83d\udef8\u00a0<strong data-start=\"536\" data-end=\"556\">Dise\u00f1o Innovador<\/strong>: Patas cortadas en \u00e1ngulo (\u00a1como una nave espacial!)\u00a0\ud83d\ude80\u00a0+ opciones de comedero doble o triple (tama\u00f1os peque\u00f1o y grande).<br data-start=\"678\" data-end=\"681\" \/>\ud83c\udf33\u00a0<strong data-start=\"684\" data-end=\"706\">Materiales Premium<\/strong>: Madera de pino macizo con tratamiento anti-insectos, anti-moho y anti-c\u00e1rcoma\u00a0\ud83e\udeb2\u00a0+ barniz acr\u00edlico no t\u00f3xico.<br data-start=\"817\" data-end=\"820\" \/>\u270f\ufe0f\u00a0<strong data-start=\"823\" data-end=\"848\">Personalizaci\u00f3n \u00danica<\/strong>: Grabado l\u00e1ser para a\u00f1adir nombre o frase corta. \u00a1Hazlo \u00fanico!<br data-start=\"911\" data-end=\"914\" \/>\ud83e\udd63\u00a0<strong data-start=\"917\" data-end=\"946\">Incluye Cuencos Pr\u00e1cticos<\/strong>: 2 o 3 cuencos de acero inoxidable (0.35L o 0.75L), resistentes y f\u00e1ciles de limpiar\u00a0\ud83e\uddfc.<\/p>\n<p class=\"\" data-start=\"1039\" data-end=\"1069\"><strong data-start=\"1039\" data-end=\"1068\">Especificaciones T\u00e9cnicas<\/strong>:<\/p>\n<p class=\"\" data-start=\"1071\" data-end=\"1191\">\ud83d\ude80\u00a0<strong data-start=\"1074\" data-end=\"1085\">Medidas<\/strong>:<br data-start=\"1086\" data-end=\"1089\" \/>Doble: 40\u00d718.5 cm (peque\u00f1o) \/ 45\u00d723 cm (grande).<br data-start=\"1137\" data-end=\"1140\" \/>Triple: 52\u00d718.5 cm (peque\u00f1o) \/ 63\u00d723 cm (grande).<\/p>\n<p class=\"\" data-start=\"1193\" data-end=\"1266\">\ud83c\udf0c\u00a0<strong data-start=\"1196\" data-end=\"1211\">Inclinaci\u00f3n<\/strong>: 30\u00ba en patas para estabilidad y estilo \u201cgal\u00e1ctico\u201d.<\/p>\n<p class=\"\" data-start=\"1268\" data-end=\"1304\"><strong data-start=\"1268\" data-end=\"1302\">\u00bfPor qu\u00e9 Elegir Este Comedero?<\/strong><\/p>\n<p class=\"\" data-start=\"1306\" data-end=\"1626\">\ud83c\udf3f\u00a0<strong data-start=\"1309\" data-end=\"1334\">Artesan\u00eda Responsable<\/strong>: Elaborado a mano con madera sostenible, minimizando el impacto ambiental.\u00a0\ud83c\udf0d<br data-start=\"1412\" data-end=\"1415\" \/>\ud83d\udcaa\u00a0<strong data-start=\"1418\" data-end=\"1445\">Durabilidad Garantizada<\/strong>: Tratamientos protectores y acabados seguros para mascotas.<br data-start=\"1505\" data-end=\"1508\" \/>\ud83c\udfa8\u00a0<strong data-start=\"1511\" data-end=\"1539\">Funcionalidad con Estilo<\/strong>: Ideal para perros, gatos o animales peque\u00f1os. \u00a1Combina con cualquier decoraci\u00f3n!\u00a0\ud83c\udfe1<\/p>\n<p class=\"\" data-start=\"1628\" data-end=\"1818\">\u00a1Sorprende a tu mascota con un comedero que parece sacado de una pel\u00edcula de ciencia ficci\u00f3n, pero hecho con materiales de la Tierra!\u00a0\ud83c\udf0e\u00a0\u00a1Haz de cada comida una aventura intergal\u00e1ctica!\u00a0\ud83c\udf20<\/p>","protected":false},"featured_media":6311,"comment_status":"open","ping_status":"closed","template":"","meta":[],"product_brand":[],"product_cat":[179],"product_tag":[],"class_list":{"0":"post-6310","1":"product","2":"type-product","3":"status-publish","4":"has-post-thumbnail","6":"product_cat-comederos","8":"first","9":"instock","10":"taxable","11":"shipping-taxable","12":"purchasable","13":"product-type-variable"},"_links":{"self":[{"href":"https:\/\/mundovirutas.es\/en\/wp-json\/wp\/v2\/product\/6310","targetHints":{"allow":["GET"]}}],"collection":[{"href":"https:\/\/mundovirutas.es\/en\/wp-json\/wp\/v2\/product"}],"about":[{"href":"https:\/\/mundovirutas.es\/en\/wp-json\/wp\/v2\/types\/product"}],"replies":[{"embeddable":true,"href":"https:\/\/mundovirutas.es\/en\/wp-json\/wp\/v2\/comments?post=6310"}],"version-history":[{"count":3,"href":"https:\/\/mundovirutas.es\/en\/wp-json\/wp\/v2\/product\/6310\/revisions"}],"predecessor-version":[{"id":6845,"href":"https:\/\/mundovirutas.es\/en\/wp-json\/wp\/v2\/product\/6310\/revisions\/6845"}],"wp:featuredmedia":[{"embeddable":true,"href":"https:\/\/mundovirutas.es\/en\/wp-json\/wp\/v2\/media\/6311"}],"wp:attachment":[{"href":"https:\/\/mundovirutas.es\/en\/wp-json\/wp\/v2\/media?parent=6310"}],"wp:term":[{"taxonomy":"product_brand","embeddable":true,"href":"https:\/\/mundovirutas.es\/en\/wp-json\/wp\/v2\/product_brand?post=6310"},{"taxonomy":"product_cat","embeddable":true,"href":"https:\/\/mundovirutas.es\/en\/wp-json\/wp\/v2\/product_cat?post=6310"},{"taxonomy":"product_tag","embeddable":true,"href":"https:\/\/mundovirutas.es\/en\/wp-json\/wp\/v2\/product_tag?post=6310"}],"curies":[{"name":"wp","href":"https:\/\/api.w.org\/{rel}","templated":true}]}}